{"id":2,"date":"2024-12-19T08:58:36","date_gmt":"2024-12-19T08:58:36","guid":{"rendered":"https:\/\/hirsch-prueftechnik.de\/?page_id=2"},"modified":"2025-03-21T08:31:08","modified_gmt":"2025-03-21T07:31:08","slug":"technologie","status":"publish","type":"page","link":"https:\/\/hirsch-prueftechnik.de\/de_de\/technologie\/","title":{"rendered":"Technologie"},"content":{"rendered":"\r\n<h5>Pr\u00fcfen &amp; Entmagnetisieren von Stahlbauteilen<\/h5>\r\n<h3>Von der Fehlerdetektion bis zur vollst\u00e4ndigen Entmagnetisierung &#8211; so funktioniert es!<\/h3>\r\n<p>Die Magnetpulverpr\u00fcfung (MT-Pr\u00fcfung) ist ein bew\u00e4hrtes Verfahren zur zerst\u00f6rungsfreien Pr\u00fcfung von Stahlbauteilen. Sie macht feine Risse und Materialfehler sichtbar, die mit blo\u00dfem Auge nicht erkennbar sind &#8211; und sorgt so f\u00fcr h\u00f6chste Sicherheit in der Fertigung. Doch was passiert nach der Pr\u00fcfung? Um unerw\u00fcnschten Restmagnetismus zu vermeiden, ist die Entmagnetisierung ein entscheidender Schritt. Unsere moderne Technologien erm\u00f6glichen eine effiziente und zuverl\u00e4ssige Entmagnetisierung, damit Bauteile optimal weiterverarbeitet oder eingesetzt werden k\u00f6nnen.\u00a0<\/p>\r\n<p><img decoding=\"async\" title=\"Gleichstrom\" data-src=\"https:\/\/hirsch-prueftechnik.de\/wp-content\/uploads\/2025\/03\/Gleichstrom.jpg\" alt=\"Gleichstrom\" src=\"data:image\/svg+xml;base64,PHN2ZyB3aWR0aD0iMSIgaGVpZ2h0PSIxIiB4bWxucz0iaHR0cDovL3d3dy53My5vcmcvMjAwMC9zdmciPjwvc3ZnPg==\" class=\"lazyload\" style=\"--smush-placeholder-width: 1000px; --smush-placeholder-aspect-ratio: 1000\/1000;\" \/><\/p>\r\n<h5>Gleichstromimpulstechnik<\/h5>\r\n<h3>Magnetisierung mit Gleichstromimpulsen<\/h3>\r\n<p>Durch Kondensatorenentladung werden sehr hohe Impulsstr\u00f6me f\u00fcr wenige Millisekunden erzeugt. Die Gleichstromimpulse erzeugen in den zu pr\u00fcfenden Stahlbauteilen Magnetfeldimpulse, die an den Oberfl\u00e4chenfehlern, z.B. an Rissen als Streufelder austreten.Diese Streufeldimpulse \u00fcben eine starke, sto\u00dfartige Anziehungskraft auf die Eisenoxidteilchen im Pr\u00fcfmittel aus, so dass diese sich an den austretenden Streufeldern ansammeln und unter UV-Beleuchtung sichtbar werden.<\/p>\r\n<h3>Dem Anwender bieten sich folgende Vorteile:<\/h3>\r\n<ul>\r\n<li>\r\n<p>gestochen scharfe, klare Rissanzeigen<\/p>\r\n<\/li>\r\n<li>\r\n<p>schnelle MT-Pr\u00fcfergebnisse bereits nach ca. 3 Sekunden<\/p>\r\n<\/li>\r\n<li>\r\n<p>trotz hoher Leistung kompakte, leichte Ger\u00e4te, einfache Bedienung<\/p>\r\n<\/li>\r\n<li>\r\n<p>geringer Energieverbrauch, niedrige Betriebskosten<\/p>\r\n<\/li>\r\n<li>\r\n<p>einfaches Bauteilhandling, kein Einspannen der Bauteile<\/p>\r\n<\/li>\r\n<\/ul>\r\n<h3>Entmagnetisierung mit Gleichstromimpulsen<\/h3>\r\n<p>Mit Gleichstromimpulsen abnehmender Intensit\u00e4t und wechselnder Polarit\u00e4t k\u00f6nnen Stahlbauteile sehr gut dauerhaft entmagnetisiert werden.<\/p>\r\n<h5>Direkter Stromdurchfluss<\/h5>\r\n<h3>Magnetisierung mit der 4 Pol-Methode<\/h3>\r\n<p>Bei der 4 Pol-Methode flie\u00dfen die Pr\u00fcfstr\u00f6me abwechselnd \u00fcber Kreuz durch das Bauteil. Die vom MT-Pr\u00fcfger\u00e4t erzeugten Gleichstromimpulse werden \u00fcber Pr\u00fcfkabel und Magnetpole in das Bauteil eingeleitet. Entlang der Strompfade bauen sich Magnetfelder auf. Die an den Rissen austretenden Streufelder sorgen f\u00fcr eine sauber abgegrenzte Anh\u00e4ufung von Magnetpulverpartikeln und f\u00fchren damit zu pr\u00e4gnanten, sauberen Rissanzeigen.<\/p>\r\n<p>Die 4 Pol-Methode eignet sich vor allem zur Magnetisierung von fl\u00e4chigen Bauteilen und wird sowohl zur MT-Pr\u00fcfung als auch zur Entmagnetisierung eingesetzt.<\/p>\r\n<p><img decoding=\"async\" title=\"Stromdurchfluss\" data-src=\"https:\/\/hirsch-prueftechnik.de\/wp-content\/uploads\/2025\/03\/Stromdurchfluss.jpg\" alt=\"Stromdurchfluss\" src=\"data:image\/svg+xml;base64,PHN2ZyB3aWR0aD0iMSIgaGVpZ2h0PSIxIiB4bWxucz0iaHR0cDovL3d3dy53My5vcmcvMjAwMC9zdmciPjwvc3ZnPg==\" class=\"lazyload\" style=\"--smush-placeholder-width: 1000px; --smush-placeholder-aspect-ratio: 1000\/1000;\" \/> <img decoding=\"async\" title=\"Kombiniert\" data-src=\"https:\/\/hirsch-prueftechnik.de\/wp-content\/uploads\/2025\/03\/Kombiniert.jpg\" alt=\"Kombiniert\" src=\"data:image\/svg+xml;base64,PHN2ZyB3aWR0aD0iMSIgaGVpZ2h0PSIxIiB4bWxucz0iaHR0cDovL3d3dy53My5vcmcvMjAwMC9zdmciPjwvc3ZnPg==\" class=\"lazyload\" style=\"--smush-placeholder-width: 1000px; --smush-placeholder-aspect-ratio: 1000\/1000;\" \/><\/p>\r\n<h5>Kombinierte Methode<\/h5>\r\n<h3>Magnetisierung mit der kombinierten Methode<\/h3>\r\n<p>Bei der kombinierten Methode wird das Bauteil durch eine Kombination von direktem Stromdurchfluss und Spulenmagnetisierung aufmagnetisiert. Die vom MT-Pr\u00fcfger\u00e4t erzeugten Gleichstromimpulse flie\u00dfen abwechselnd \u00fcber Pr\u00fcfkabel und Magnetpole durch das Bauteil, bzw. durch eine um das Bauteil gewickelte Spule. Die an den Rissen austretenden Streufelder sorgen f\u00fcr eine sauber abgegrenzte Anh\u00e4ufung von Magnetpulverpartikeln und f\u00fchren damit zu pr\u00e4gnanten, sauberen Rissanzeigen.<\/p>\r\n<p>Die kombinierte Methode eignet sich vor allem zur Magnetisierung von rotations-symmetrischen Bauteilen und wird zur MT-Pr\u00fcfung eingesetzt.<\/p>\r\n<h5>Ber\u00fchrungsfreie Methode<\/h5>\r\n<h3>Sichere Rissanzeigen durch gekreuzte Magnetfelder<\/h3>\r\n<p>Bei der ber\u00fchrungsfreien Methode werden die Pr\u00fcfmagnetfelder in zwei zueinander um mindestens 30\u00b0 gekreuzten Spulen erzeugt und in das Bauteil eingeleitet. Die an den Rissen austretenden Streufelder sorgen f\u00fcr eine sauber abgegrenzte Anh\u00e4ufung von Magnetpulverpartikeln und f\u00fchren damit zu pr\u00e4gnanten, sauberen Rissanzeigen. Es k\u00f6nnen mehrere Bauteile auf unserem MT-Pr\u00fcftisch gleichzeitig auf L\u00e4ngs- und Querfehler ber\u00fchrungsfrei gepr\u00fcft und entmagnetisiert werden.<\/p>\r\n<p>Die ber\u00fchrungsfreie Methode eignet sich vor allem zur Magnetisierung von kompakten Bauteilen auch unterschiedlicher Geometrie und wird sowohl zur MT-Pr\u00fcfung als auch zur Entmagnetisierung eingesetzt.<\/p>\r\n<p><img decoding=\"async\" title=\"Ber\u00fchrungsfrei\" data-src=\"https:\/\/hirsch-prueftechnik.de\/wp-content\/uploads\/2025\/03\/Beruehrungsfrei.jpg\" alt=\"Ber\u00fchrungsfrei\" src=\"data:image\/svg+xml;base64,PHN2ZyB3aWR0aD0iMSIgaGVpZ2h0PSIxIiB4bWxucz0iaHR0cDovL3d3dy53My5vcmcvMjAwMC9zdmciPjwvc3ZnPg==\" class=\"lazyload\" style=\"--smush-placeholder-width: 1000px; --smush-placeholder-aspect-ratio: 1000\/1000;\" \/><\/p>\r\n<h2>Setzen Sie auf Hirsch Pr\u00fcftechnik<\/h2>\r\n<p>F\u00fcr Qualit\u00e4t, die h\u00e4lt, und Innovationen, die begeistern!<\/p>\r\n<p><a title=\"Hier klicken\" role=\"button\" href=\"https:\/\/hirsch-prueftechnik.de\/de_de\/kontakt\/\" target=\"_self\" aria-label=\"Nehmen Sie Kontakt auf\"> Nehmen Sie Kontakt auf <\/a><\/p>\r\n","protected":false},"excerpt":{"rendered":"<p>Pr\u00fcfen &amp; Entmagnetisieren von Stahlbauteilen Von der Fehlerdetektion bis zur vollst\u00e4ndigen Entmagnetisierung &#8211; so funktioniert es! Die Magnetpulverpr\u00fcfung (MT-Pr\u00fcfung) ist ein bew\u00e4hrtes Verfahren zur zerst\u00f6rungsfreien Pr\u00fcfung von Stahlbauteilen. Sie macht feine Risse und Materialfehler sichtbar, die mit blo\u00dfem Auge nicht erkennbar sind &#8211; und sorgt so f\u00fcr h\u00f6chste Sicherheit in der Fertigung. Doch was passiert [&hellip;]<\/p>\n","protected":false},"author":1,"featured_media":0,"parent":0,"menu_order":0,"comment_status":"closed","ping_status":"open","template":"","meta":{"site-sidebar-layout":"no-sidebar","site-content-layout":"","ast-site-content-layout":"full-width-container","site-content-style":"unboxed","site-sidebar-style":"unboxed","ast-global-header-display":"","ast-banner-title-visibility":"","ast-main-header-display":"","ast-hfb-above-header-display":"","ast-hfb-below-header-display":"","ast-hfb-mobile-header-display":"","site-post-title":"disabled","ast-breadcrumbs-content":"","ast-featured-img":"disabled","footer-sml-layout":"","ast-disable-related-posts":"","theme-transparent-header-meta":"enabled","adv-header-id-meta":"","stick-header-meta":"default","header-above-stick-meta":"","header-main-stick-meta":"","header-below-stick-meta":"","astra-migrate-meta-layouts":"set","ast-page-background-enabled":"default","ast-page-background-meta":{"desktop":{"background-color":"","background-image":"","background-repeat":"repeat","background-position":"center center","background-size":"auto","background-attachment":"scroll","background-type":"","background-media":"","overlay-type":"","overlay-color":"","overlay-opacity":"","overlay-gradient":""},"tablet":{"background-color":"","background-image":"","background-repeat":"repeat","background-position":"center center","background-size":"auto","background-attachment":"scroll","background-type":"","background-media":"","overlay-type":"","overlay-color":"","overlay-opacity":"","overlay-gradient":""},"mobile":{"background-color":"","background-image":"","background-repeat":"repeat","background-position":"center center","background-size":"auto","background-attachment":"scroll","background-type":"","background-media":"","overlay-type":"","overlay-color":"","overlay-opacity":"","overlay-gradient":""}},"ast-content-background-meta":{"desktop":{"background-color":"var(--ast-global-color-5)","background-image":"","background-repeat":"repeat","background-position":"center center","background-size":"auto","background-attachment":"scroll","background-type":"","background-media":"","overlay-type":"","overlay-color":"","overlay-opacity":"","overlay-gradient":""},"tablet":{"background-color":"var(--ast-global-color-5)","background-image":"","background-repeat":"repeat","background-position":"center center","background-size":"auto","background-attachment":"scroll","background-type":"","background-media":"","overlay-type":"","overlay-color":"","overlay-opacity":"","overlay-gradient":""},"mobile":{"background-color":"var(--ast-global-color-5)","background-image":"","background-repeat":"repeat","background-position":"center center","background-size":"auto","background-attachment":"scroll","background-type":"","background-media":"","overlay-type":"","overlay-color":"","overlay-opacity":"","overlay-gradient":""}},"footnotes":""},"class_list":["post-2","page","type-page","status-publish","hentry"],"yoast_head":"<!-- This site is optimized with the Yoast SEO plugin v27.0 - https:\/\/yoast.com\/product\/yoast-seo-wordpress\/ -->\n<title>Hirsch Pr\u00fcftechnik - Technologie<\/title>\n<meta name=\"description\" content=\"Die Technologie hinter der zerst\u00f6rungsfreien Pr\u00fcfung: Erfahren Sie mehr dar\u00fcber, wie unsere Technologie funktioniert.\" \/>\n<meta name=\"robots\" content=\"index, follow, max-snippet:-1, max-image-preview:large, max-video-preview:-1\" \/>\n<link rel=\"canonical\" href=\"https:\/\/hirsch-prueftechnik.de\/de_de\/technologie\/\" \/>\n<meta property=\"og:locale\" content=\"de_DE\" \/>\n<meta property=\"og:type\" content=\"article\" \/>\n<meta property=\"og:title\" content=\"Hirsch Pr\u00fcftechnik - Technologie\" \/>\n<meta property=\"og:description\" content=\"Die Technologie hinter der zerst\u00f6rungsfreien Pr\u00fcfung: Erfahren Sie mehr dar\u00fcber, wie unsere Technologie funktioniert.\" \/>\n<meta property=\"og:url\" content=\"https:\/\/hirsch-prueftechnik.de\/de_de\/technologie\/\" \/>\n<meta property=\"og:site_name\" content=\"Hirsch Pr\u00fcftechnik\" \/>\n<meta property=\"article:modified_time\" content=\"2025-03-21T07:31:08+00:00\" \/>\n<meta property=\"og:image\" content=\"https:\/\/hirsch-prueftechnik.de\/wp-content\/uploads\/2025\/03\/Gleichstrom.jpg\" \/>\n<meta name=\"twitter:card\" content=\"summary_large_image\" \/>\n<meta name=\"twitter:label1\" content=\"Gesch\u00e4tzte Lesezeit\" \/>\n\t<meta name=\"twitter:data1\" content=\"4\u00a0Minuten\" \/>\n<script type=\"application\/ld+json\" class=\"yoast-schema-graph\">{\"@context\":\"https:\/\/schema.org\",\"@graph\":[{\"@type\":\"WebPage\",\"@id\":\"https:\/\/hirsch-prueftechnik.de\/technologie\/\",\"url\":\"https:\/\/hirsch-prueftechnik.de\/technologie\/\",\"name\":\"Hirsch Pr\u00fcftechnik - Technologie\",\"isPartOf\":{\"@id\":\"https:\/\/hirsch-prueftechnik.de\/de_de\/#website\"},\"primaryImageOfPage\":{\"@id\":\"https:\/\/hirsch-prueftechnik.de\/technologie\/#primaryimage\"},\"image\":{\"@id\":\"https:\/\/hirsch-prueftechnik.de\/technologie\/#primaryimage\"},\"thumbnailUrl\":\"https:\/\/hirsch-prueftechnik.de\/wp-content\/uploads\/2025\/03\/Gleichstrom.jpg\",\"datePublished\":\"2024-12-19T08:58:36+00:00\",\"dateModified\":\"2025-03-21T07:31:08+00:00\",\"description\":\"Die Technologie hinter der zerst\u00f6rungsfreien Pr\u00fcfung: Erfahren Sie mehr dar\u00fcber, wie unsere Technologie funktioniert.\",\"breadcrumb\":{\"@id\":\"https:\/\/hirsch-prueftechnik.de\/technologie\/#breadcrumb\"},\"inLanguage\":\"de\",\"potentialAction\":[{\"@type\":\"ReadAction\",\"target\":[\"https:\/\/hirsch-prueftechnik.de\/technologie\/\"]}]},{\"@type\":\"ImageObject\",\"inLanguage\":\"de\",\"@id\":\"https:\/\/hirsch-prueftechnik.de\/technologie\/#primaryimage\",\"url\":\"https:\/\/hirsch-prueftechnik.de\/wp-content\/uploads\/2025\/03\/Gleichstrom.jpg\",\"contentUrl\":\"https:\/\/hirsch-prueftechnik.de\/wp-content\/uploads\/2025\/03\/Gleichstrom.jpg\"},{\"@type\":\"BreadcrumbList\",\"@id\":\"https:\/\/hirsch-prueftechnik.de\/technologie\/#breadcrumb\",\"itemListElement\":[{\"@type\":\"ListItem\",\"position\":1,\"name\":\"Startseite\",\"item\":\"https:\/\/hirsch-prueftechnik.de\/\"},{\"@type\":\"ListItem\",\"position\":2,\"name\":\"Technologie\"}]},{\"@type\":\"WebSite\",\"@id\":\"https:\/\/hirsch-prueftechnik.de\/de_de\/#website\",\"url\":\"https:\/\/hirsch-prueftechnik.de\/de_de\/\",\"name\":\"Hirsch Pr\u00fcftechnik\",\"description\":\"Risspr\u00fcfung und Entmagnetisierung\",\"potentialAction\":[{\"@type\":\"SearchAction\",\"target\":{\"@type\":\"EntryPoint\",\"urlTemplate\":\"https:\/\/hirsch-prueftechnik.de\/de_de\/?s={search_term_string}\"},\"query-input\":{\"@type\":\"PropertyValueSpecification\",\"valueRequired\":true,\"valueName\":\"search_term_string\"}}],\"inLanguage\":\"de\"}]}<\/script>\n<!-- \/ Yoast SEO plugin. -->","yoast_head_json":{"title":"Hirsch Pr\u00fcftechnik - Technologie","description":"Die Technologie hinter der zerst\u00f6rungsfreien Pr\u00fcfung: Erfahren Sie mehr dar\u00fcber, wie unsere Technologie funktioniert.","robots":{"index":"index","follow":"follow","max-snippet":"max-snippet:-1","max-image-preview":"max-image-preview:large","max-video-preview":"max-video-preview:-1"},"canonical":"https:\/\/hirsch-prueftechnik.de\/de_de\/technologie\/","og_locale":"de_DE","og_type":"article","og_title":"Hirsch Pr\u00fcftechnik - Technologie","og_description":"Die Technologie hinter der zerst\u00f6rungsfreien Pr\u00fcfung: Erfahren Sie mehr dar\u00fcber, wie unsere Technologie funktioniert.","og_url":"https:\/\/hirsch-prueftechnik.de\/de_de\/technologie\/","og_site_name":"Hirsch Pr\u00fcftechnik","article_modified_time":"2025-03-21T07:31:08+00:00","og_image":[{"url":"https:\/\/hirsch-prueftechnik.de\/wp-content\/uploads\/2025\/03\/Gleichstrom.jpg","type":"","width":"","height":""}],"twitter_card":"summary_large_image","twitter_misc":{"Gesch\u00e4tzte Lesezeit":"4\u00a0Minuten"},"schema":{"@context":"https:\/\/schema.org","@graph":[{"@type":"WebPage","@id":"https:\/\/hirsch-prueftechnik.de\/technologie\/","url":"https:\/\/hirsch-prueftechnik.de\/technologie\/","name":"Hirsch Pr\u00fcftechnik - Technologie","isPartOf":{"@id":"https:\/\/hirsch-prueftechnik.de\/de_de\/#website"},"primaryImageOfPage":{"@id":"https:\/\/hirsch-prueftechnik.de\/technologie\/#primaryimage"},"image":{"@id":"https:\/\/hirsch-prueftechnik.de\/technologie\/#primaryimage"},"thumbnailUrl":"https:\/\/hirsch-prueftechnik.de\/wp-content\/uploads\/2025\/03\/Gleichstrom.jpg","datePublished":"2024-12-19T08:58:36+00:00","dateModified":"2025-03-21T07:31:08+00:00","description":"Die Technologie hinter der zerst\u00f6rungsfreien Pr\u00fcfung: Erfahren Sie mehr dar\u00fcber, wie unsere Technologie funktioniert.","breadcrumb":{"@id":"https:\/\/hirsch-prueftechnik.de\/technologie\/#breadcrumb"},"inLanguage":"de","potentialAction":[{"@type":"ReadAction","target":["https:\/\/hirsch-prueftechnik.de\/technologie\/"]}]},{"@type":"ImageObject","inLanguage":"de","@id":"https:\/\/hirsch-prueftechnik.de\/technologie\/#primaryimage","url":"https:\/\/hirsch-prueftechnik.de\/wp-content\/uploads\/2025\/03\/Gleichstrom.jpg","contentUrl":"https:\/\/hirsch-prueftechnik.de\/wp-content\/uploads\/2025\/03\/Gleichstrom.jpg"},{"@type":"BreadcrumbList","@id":"https:\/\/hirsch-prueftechnik.de\/technologie\/#breadcrumb","itemListElement":[{"@type":"ListItem","position":1,"name":"Startseite","item":"https:\/\/hirsch-prueftechnik.de\/"},{"@type":"ListItem","position":2,"name":"Technologie"}]},{"@type":"WebSite","@id":"https:\/\/hirsch-prueftechnik.de\/de_de\/#website","url":"https:\/\/hirsch-prueftechnik.de\/de_de\/","name":"Hirsch Pr\u00fcftechnik","description":"Risspr\u00fcfung und Entmagnetisierung","potentialAction":[{"@type":"SearchAction","target":{"@type":"EntryPoint","urlTemplate":"https:\/\/hirsch-prueftechnik.de\/de_de\/?s={search_term_string}"},"query-input":{"@type":"PropertyValueSpecification","valueRequired":true,"valueName":"search_term_string"}}],"inLanguage":"de"}]}},"_links":{"self":[{"href":"https:\/\/hirsch-prueftechnik.de\/de_de\/wp-json\/wp\/v2\/pages\/2","targetHints":{"allow":["GET"]}}],"collection":[{"href":"https:\/\/hirsch-prueftechnik.de\/de_de\/wp-json\/wp\/v2\/pages"}],"about":[{"href":"https:\/\/hirsch-prueftechnik.de\/de_de\/wp-json\/wp\/v2\/types\/page"}],"author":[{"embeddable":true,"href":"https:\/\/hirsch-prueftechnik.de\/de_de\/wp-json\/wp\/v2\/users\/1"}],"replies":[{"embeddable":true,"href":"https:\/\/hirsch-prueftechnik.de\/de_de\/wp-json\/wp\/v2\/comments?post=2"}],"version-history":[{"count":10,"href":"https:\/\/hirsch-prueftechnik.de\/de_de\/wp-json\/wp\/v2\/pages\/2\/revisions"}],"predecessor-version":[{"id":954,"href":"https:\/\/hirsch-prueftechnik.de\/de_de\/wp-json\/wp\/v2\/pages\/2\/revisions\/954"}],"wp:attachment":[{"href":"https:\/\/hirsch-prueftechnik.de\/de_de\/wp-json\/wp\/v2\/media?parent=2"}],"curies":[{"name":"wp","href":"https:\/\/api.w.org\/{rel}","templated":true}]}}