{"id":451,"date":"2024-12-19T10:03:46","date_gmt":"2024-12-19T09:03:46","guid":{"rendered":"https:\/\/hirsch-prueftechnik.de\/contact\/"},"modified":"2025-03-21T08:47:15","modified_gmt":"2025-03-21T07:47:15","slug":"kontakt","status":"publish","type":"page","link":"https:\/\/hirsch-prueftechnik.de\/de_de\/kontakt\/","title":{"rendered":"Kontakt"},"content":{"rendered":"\r\n<h2>Keine Risse im Service<\/h2>\r\n<p><img decoding=\"async\" title=\"icon-01-free-img\" data-src=\"https:\/\/hirsch-prueftechnik.de\/wp-content\/uploads\/2019\/03\/icon-01-free-img.png\" alt=\"Icon\" src=\"data:image\/svg+xml;base64,PHN2ZyB3aWR0aD0iMSIgaGVpZ2h0PSIxIiB4bWxucz0iaHR0cDovL3d3dy53My5vcmcvMjAwMC9zdmciPjwvc3ZnPg==\" class=\"lazyload\" style=\"--smush-placeholder-width: 102px; --smush-placeholder-aspect-ratio: 102\/114;\" \/><\/p>\r\n<h5>Ihr Anliegen auf dem Pr\u00fcfstand<\/h5>\r\n<h3>Starke Verbindung durch direkten Kontakt!<\/h3>\r\n<h2>Magnetisch angezogen?<\/h2>\r\n<p>Dann lassen Sie uns gemeinsam auf Spurensuche gehen! Kontaktieren Sie uns und entdecken Sie ma\u00dfgeschneiderte L\u00f6sungen f\u00fcr Risspr\u00fcfung und Entmagnetisierung!<\/p>\r\n<h3>E-Mail<\/h3>\r\n<p>info@hirsch-prueftechnik.de<\/p>\r\n<h3>Addresse<\/h3>\r\n<p>Von-Ketteler-Stra\u00dfe 7, 66482 Zweibr\u00fccken<\/p>\r\n<h3>Telefon<\/h3>\r\n<p>+49 (0) 6332\/49420<\/p>\r\n<h2>Anziehungskraft der Pr\u00fcftechnik<\/h2>\r\n<p>Wir sind bereit! Lassen Sie sich beraten und kontaktieren Sie uns gerne.<\/p>\r\n<div class=\"wpforms-container \" id=\"wpforms-11\"><form id=\"wpforms-form-11\" class=\"wpforms-validate wpforms-form\" data-formid=\"11\" method=\"post\" enctype=\"multipart\/form-data\" action=\"\/de_de\/wp-json\/wp\/v2\/pages\/451\" data-token=\"cb33882323fef24037ea0737a45c990d\" data-token-time=\"1778673649\"><noscript class=\"wpforms-error-noscript\">Bitte aktiviere JavaScript in deinem Browser, um dieses Formular fertigzustellen.<\/noscript><div class=\"wpforms-field-container\"><div id=\"wpforms-11-field_0-container\" class=\"wpforms-field wpforms-field-name\" data-field-id=\"0\"><label class=\"wpforms-field-label wpforms-label-hide\" for=\"wpforms-11-field_0\">Name <span class=\"wpforms-required-label\">*<\/span><\/label><input type=\"text\" id=\"wpforms-11-field_0\" class=\"wpforms-field-large wpforms-field-required\" name=\"wpforms[fields][0]\" placeholder=\"Name\" required><\/div><div id=\"wpforms-11-field_1-container\" class=\"wpforms-field wpforms-field-email\" data-field-id=\"1\"><label class=\"wpforms-field-label wpforms-label-hide\" for=\"wpforms-11-field_1\">E-Mail <span class=\"wpforms-required-label\">*<\/span><\/label><input type=\"email\" id=\"wpforms-11-field_1\" class=\"wpforms-field-large wpforms-field-required\" name=\"wpforms[fields][1]\" placeholder=\"E-Mail\" spellcheck=\"false\" required><\/div><div id=\"wpforms-11-field_2-container\" class=\"wpforms-field wpforms-field-textarea\" data-field-id=\"2\"><label class=\"wpforms-field-label wpforms-label-hide\" for=\"wpforms-11-field_2\">Nachricht <span class=\"wpforms-required-label\">*<\/span><\/label><textarea id=\"wpforms-11-field_2\" class=\"wpforms-field-medium wpforms-field-required\" name=\"wpforms[fields][2]\" placeholder=\"Nachricht\" required><\/textarea><\/div>\t\t<div id=\"wpforms-11-field_4-container\"\n\t\t\tclass=\"wpforms-field wpforms-field-text\"\n\t\t\tdata-field-type=\"text\"\n\t\t\tdata-field-id=\"4\"\n\t\t\t>\n\t\t\t<label class=\"wpforms-field-label\" for=\"wpforms-11-field_4\" >Name DSGVO-Einverst\u00e4ndnis Nachricht<\/label>\n\t\t\t<input type=\"text\" id=\"wpforms-11-field_4\" class=\"wpforms-field-medium\" name=\"wpforms[fields][4]\" >\n\t\t<\/div>\n\t\t<div id=\"wpforms-11-field_3-container\" class=\"wpforms-field wpforms-field-gdpr-checkbox\" data-field-id=\"3\"><label class=\"wpforms-field-label wpforms-label-hide\">DSGVO-Einverst\u00e4ndnis <span class=\"wpforms-required-label\">*<\/span><\/label><ul id=\"wpforms-11-field_3\" class=\"wpforms-field-required\"><li class=\"choice-1\"><input type=\"checkbox\" id=\"wpforms-11-field_3_1\" name=\"wpforms[fields][3][]\" value=\"Ich akzeptiere die &lt;a href=&quot;https:\/\/hirsch-prueftechnik.de\/datenschutzerklaerung\/&quot;&gt;Datenschutzerkl\u00e4rungen&lt;\/a&gt;\" required ><label class=\"wpforms-field-label-inline\" for=\"wpforms-11-field_3_1\">Ich akzeptiere die <a href=\"https:\/\/hirsch-prueftechnik.de\/datenschutzerklaerung\/\">Datenschutzerkl\u00e4rungen<\/a> <span class=\"wpforms-required-label\">*<\/span><\/label><\/li><\/ul><\/div><script>\n\t\t\t\t( function() {\n\t\t\t\t\tconst style = document.createElement( 'style' );\n\t\t\t\t\tstyle.appendChild( document.createTextNode( '#wpforms-11-field_4-container { position: absolute !important; overflow: hidden !important; display: inline !important; height: 1px !important; width: 1px !important; z-index: -1000 !important; padding: 0 !important; } #wpforms-11-field_4-container input { visibility: hidden; } #wpforms-conversational-form-page #wpforms-11-field_4-container label { counter-increment: none; }' ) );\n\t\t\t\t\tdocument.head.appendChild( style );\n\t\t\t\t\tdocument.currentScript?.remove();\n\t\t\t\t} )();\n\t\t\t<\/script><\/div><!-- .wpforms-field-container --><div class=\"wpforms-submit-container\" ><input type=\"hidden\" name=\"wpforms[id]\" value=\"11\"><input type=\"hidden\" name=\"page_title\" value=\"\"><input type=\"hidden\" name=\"page_url\" value=\"https:\/\/hirsch-prueftechnik.de\/de_de\/wp-json\/wp\/v2\/pages\/451\"><input type=\"hidden\" name=\"url_referer\" value=\"\"><button type=\"submit\" name=\"wpforms[submit]\" id=\"wpforms-submit-11\" class=\"wpforms-submit\" data-alt-text=\"wird \u00fcbermittelt...\" data-submit-text=\"\u00dcbermitteln\" aria-live=\"assertive\" value=\"wpforms-submit\">\u00dcbermitteln<\/button><\/div><\/form><\/div>  <!-- .wpforms-container -->\r\n","protected":false},"excerpt":{"rendered":"<p>Keine Risse im Service Ihr Anliegen auf dem Pr\u00fcfstand Starke Verbindung durch direkten Kontakt! Magnetisch angezogen? Dann lassen Sie uns gemeinsam auf Spurensuche gehen! Kontaktieren Sie uns und entdecken Sie ma\u00dfgeschneiderte L\u00f6sungen f\u00fcr Risspr\u00fcfung und Entmagnetisierung! E-Mail info@hirsch-prueftechnik.de Addresse Von-Ketteler-Stra\u00dfe 7, 66482 Zweibr\u00fccken Telefon +49 (0) 6332\/49420 Anziehungskraft der Pr\u00fcftechnik Wir sind bereit! Lassen Sie [&hellip;]<\/p>\n","protected":false},"author":1,"featured_media":0,"parent":0,"menu_order":0,"comment_status":"closed","ping_status":"closed","template":"","meta":{"site-sidebar-layout":"no-sidebar","site-content-layout":"page-builder","ast-site-content-layout":"full-width-container","site-content-style":"unboxed","site-sidebar-style":"unboxed","ast-global-header-display":"","ast-banner-title-visibility":"","ast-main-header-display":"","ast-hfb-above-header-display":"","ast-hfb-below-header-display":"","ast-hfb-mobile-header-display":"","site-post-title":"disabled","ast-breadcrumbs-content":"","ast-featured-img":"disabled","footer-sml-layout":"","ast-disable-related-posts":"","theme-transparent-header-meta":"enabled","adv-header-id-meta":"","stick-header-meta":"default","header-above-stick-meta":"","header-main-stick-meta":"","header-below-stick-meta":"","astra-migrate-meta-layouts":"set","ast-page-background-enabled":"default","ast-page-background-meta":{"desktop":{"background-color":"","background-image":"","background-repeat":"repeat","background-position":"center center","background-size":"auto","background-attachment":"scroll","background-type":"","background-media":"","overlay-type":"","overlay-color":"","overlay-opacity":"","overlay-gradient":""},"tablet":{"background-color":"","background-image":"","background-repeat":"repeat","background-position":"center center","background-size":"auto","background-attachment":"scroll","background-type":"","background-media":"","overlay-type":"","overlay-color":"","overlay-opacity":"","overlay-gradient":""},"mobile":{"background-color":"","background-image":"","background-repeat":"repeat","background-position":"center center","background-size":"auto","background-attachment":"scroll","background-type":"","background-media":"","overlay-type":"","overlay-color":"","overlay-opacity":"","overlay-gradient":""}},"ast-content-background-meta":{"desktop":{"background-color":"var(--ast-global-color-5)","background-image":"","background-repeat":"repeat","background-position":"center center","background-size":"auto","background-attachment":"scroll","background-type":"","background-media":"","overlay-type":"","overlay-color":"","overlay-opacity":"","overlay-gradient":""},"tablet":{"background-color":"var(--ast-global-color-5)","background-image":"","background-repeat":"repeat","background-position":"center center","background-size":"auto","background-attachment":"scroll","background-type":"","background-media":"","overlay-type":"","overlay-color":"","overlay-opacity":"","overlay-gradient":""},"mobile":{"background-color":"var(--ast-global-color-5)","background-image":"","background-repeat":"repeat","background-position":"center center","background-size":"auto","background-attachment":"scroll","background-type":"","background-media":"","overlay-type":"","overlay-color":"","overlay-opacity":"","overlay-gradient":""}},"footnotes":""},"class_list":["post-451","page","type-page","status-publish","hentry"],"yoast_head":"<!-- This site is optimized with the Yoast SEO plugin v27.5 - https:\/\/yoast.com\/product\/yoast-seo-wordpress\/ -->\n<title>Hirsch Pr\u00fcftechnik - Kontakt<\/title>\n<meta name=\"description\" content=\"Ihr Kontakt zu uns: Treten Sie mit uns in Verbindung. Wir freuen uns auf Ihre Anfrage und sind gerne f\u00fcr Sie da.\" \/>\n<meta name=\"robots\" content=\"index, follow, max-snippet:-1, max-image-preview:large, max-video-preview:-1\" \/>\n<link rel=\"canonical\" href=\"https:\/\/hirsch-prueftechnik.de\/de_de\/kontakt\/\" \/>\n<meta property=\"og:locale\" content=\"de_DE\" \/>\n<meta property=\"og:type\" content=\"article\" \/>\n<meta property=\"og:title\" content=\"Hirsch Pr\u00fcftechnik - Kontakt\" \/>\n<meta property=\"og:description\" content=\"Ihr Kontakt zu uns: Treten Sie mit uns in Verbindung. Wir freuen uns auf Ihre Anfrage und sind gerne f\u00fcr Sie da.\" \/>\n<meta property=\"og:url\" content=\"https:\/\/hirsch-prueftechnik.de\/de_de\/kontakt\/\" \/>\n<meta property=\"og:site_name\" content=\"Hirsch Pr\u00fcftechnik\" \/>\n<meta property=\"article:modified_time\" content=\"2025-03-21T07:47:15+00:00\" \/>\n<meta property=\"og:image\" content=\"https:\/\/hirsch-prueftechnik.de\/wp-content\/uploads\/2019\/03\/icon-01-free-img.png\" \/>\n<meta name=\"twitter:card\" content=\"summary_large_image\" \/>\n<meta name=\"twitter:label1\" content=\"Gesch\u00e4tzte Lesezeit\" \/>\n\t<meta name=\"twitter:data1\" content=\"1\u00a0Minute\" \/>\n<script type=\"application\/ld+json\" class=\"yoast-schema-graph\">{\"@context\":\"https:\\\/\\\/schema.org\",\"@graph\":[{\"@type\":\"WebPage\",\"@id\":\"https:\\\/\\\/hirsch-prueftechnik.de\\\/kontakt\\\/\",\"url\":\"https:\\\/\\\/hirsch-prueftechnik.de\\\/kontakt\\\/\",\"name\":\"Hirsch Pr\u00fcftechnik - Kontakt\",\"isPartOf\":{\"@id\":\"https:\\\/\\\/hirsch-prueftechnik.de\\\/de_de\\\/#website\"},\"primaryImageOfPage\":{\"@id\":\"https:\\\/\\\/hirsch-prueftechnik.de\\\/kontakt\\\/#primaryimage\"},\"image\":{\"@id\":\"https:\\\/\\\/hirsch-prueftechnik.de\\\/kontakt\\\/#primaryimage\"},\"thumbnailUrl\":\"https:\\\/\\\/hirsch-prueftechnik.de\\\/wp-content\\\/uploads\\\/2019\\\/03\\\/icon-01-free-img.png\",\"datePublished\":\"2024-12-19T09:03:46+00:00\",\"dateModified\":\"2025-03-21T07:47:15+00:00\",\"description\":\"Ihr Kontakt zu uns: Treten Sie mit uns in Verbindung. Wir freuen uns auf Ihre Anfrage und sind gerne f\u00fcr Sie da.\",\"breadcrumb\":{\"@id\":\"https:\\\/\\\/hirsch-prueftechnik.de\\\/kontakt\\\/#breadcrumb\"},\"inLanguage\":\"de\",\"potentialAction\":[{\"@type\":\"ReadAction\",\"target\":[\"https:\\\/\\\/hirsch-prueftechnik.de\\\/kontakt\\\/\"]}]},{\"@type\":\"ImageObject\",\"inLanguage\":\"de\",\"@id\":\"https:\\\/\\\/hirsch-prueftechnik.de\\\/kontakt\\\/#primaryimage\",\"url\":\"https:\\\/\\\/hirsch-prueftechnik.de\\\/wp-content\\\/uploads\\\/2019\\\/03\\\/icon-01-free-img.png\",\"contentUrl\":\"https:\\\/\\\/hirsch-prueftechnik.de\\\/wp-content\\\/uploads\\\/2019\\\/03\\\/icon-01-free-img.png\"},{\"@type\":\"BreadcrumbList\",\"@id\":\"https:\\\/\\\/hirsch-prueftechnik.de\\\/kontakt\\\/#breadcrumb\",\"itemListElement\":[{\"@type\":\"ListItem\",\"position\":1,\"name\":\"Startseite\",\"item\":\"https:\\\/\\\/hirsch-prueftechnik.de\\\/\"},{\"@type\":\"ListItem\",\"position\":2,\"name\":\"Kontakt\"}]},{\"@type\":\"WebSite\",\"@id\":\"https:\\\/\\\/hirsch-prueftechnik.de\\\/de_de\\\/#website\",\"url\":\"https:\\\/\\\/hirsch-prueftechnik.de\\\/de_de\\\/\",\"name\":\"Hirsch Pr\u00fcftechnik\",\"description\":\"Risspr\u00fcfung und Entmagnetisierung\",\"potentialAction\":[{\"@type\":\"SearchAction\",\"target\":{\"@type\":\"EntryPoint\",\"urlTemplate\":\"https:\\\/\\\/hirsch-prueftechnik.de\\\/de_de\\\/?s={search_term_string}\"},\"query-input\":{\"@type\":\"PropertyValueSpecification\",\"valueRequired\":true,\"valueName\":\"search_term_string\"}}],\"inLanguage\":\"de\"}]}<\/script>\n<!-- \/ Yoast SEO plugin. -->","yoast_head_json":{"title":"Hirsch Pr\u00fcftechnik - Kontakt","description":"Ihr Kontakt zu uns: Treten Sie mit uns in Verbindung. Wir freuen uns auf Ihre Anfrage und sind gerne f\u00fcr Sie da.","robots":{"index":"index","follow":"follow","max-snippet":"max-snippet:-1","max-image-preview":"max-image-preview:large","max-video-preview":"max-video-preview:-1"},"canonical":"https:\/\/hirsch-prueftechnik.de\/de_de\/kontakt\/","og_locale":"de_DE","og_type":"article","og_title":"Hirsch Pr\u00fcftechnik - Kontakt","og_description":"Ihr Kontakt zu uns: Treten Sie mit uns in Verbindung. Wir freuen uns auf Ihre Anfrage und sind gerne f\u00fcr Sie da.","og_url":"https:\/\/hirsch-prueftechnik.de\/de_de\/kontakt\/","og_site_name":"Hirsch Pr\u00fcftechnik","article_modified_time":"2025-03-21T07:47:15+00:00","og_image":[{"url":"https:\/\/hirsch-prueftechnik.de\/wp-content\/uploads\/2019\/03\/icon-01-free-img.png","type":"","width":"","height":""}],"twitter_card":"summary_large_image","twitter_misc":{"Gesch\u00e4tzte Lesezeit":"1\u00a0Minute"},"schema":{"@context":"https:\/\/schema.org","@graph":[{"@type":"WebPage","@id":"https:\/\/hirsch-prueftechnik.de\/kontakt\/","url":"https:\/\/hirsch-prueftechnik.de\/kontakt\/","name":"Hirsch Pr\u00fcftechnik - Kontakt","isPartOf":{"@id":"https:\/\/hirsch-prueftechnik.de\/de_de\/#website"},"primaryImageOfPage":{"@id":"https:\/\/hirsch-prueftechnik.de\/kontakt\/#primaryimage"},"image":{"@id":"https:\/\/hirsch-prueftechnik.de\/kontakt\/#primaryimage"},"thumbnailUrl":"https:\/\/hirsch-prueftechnik.de\/wp-content\/uploads\/2019\/03\/icon-01-free-img.png","datePublished":"2024-12-19T09:03:46+00:00","dateModified":"2025-03-21T07:47:15+00:00","description":"Ihr Kontakt zu uns: Treten Sie mit uns in Verbindung. Wir freuen uns auf Ihre Anfrage und sind gerne f\u00fcr Sie da.","breadcrumb":{"@id":"https:\/\/hirsch-prueftechnik.de\/kontakt\/#breadcrumb"},"inLanguage":"de","potentialAction":[{"@type":"ReadAction","target":["https:\/\/hirsch-prueftechnik.de\/kontakt\/"]}]},{"@type":"ImageObject","inLanguage":"de","@id":"https:\/\/hirsch-prueftechnik.de\/kontakt\/#primaryimage","url":"https:\/\/hirsch-prueftechnik.de\/wp-content\/uploads\/2019\/03\/icon-01-free-img.png","contentUrl":"https:\/\/hirsch-prueftechnik.de\/wp-content\/uploads\/2019\/03\/icon-01-free-img.png"},{"@type":"BreadcrumbList","@id":"https:\/\/hirsch-prueftechnik.de\/kontakt\/#breadcrumb","itemListElement":[{"@type":"ListItem","position":1,"name":"Startseite","item":"https:\/\/hirsch-prueftechnik.de\/"},{"@type":"ListItem","position":2,"name":"Kontakt"}]},{"@type":"WebSite","@id":"https:\/\/hirsch-prueftechnik.de\/de_de\/#website","url":"https:\/\/hirsch-prueftechnik.de\/de_de\/","name":"Hirsch Pr\u00fcftechnik","description":"Risspr\u00fcfung und Entmagnetisierung","potentialAction":[{"@type":"SearchAction","target":{"@type":"EntryPoint","urlTemplate":"https:\/\/hirsch-prueftechnik.de\/de_de\/?s={search_term_string}"},"query-input":{"@type":"PropertyValueSpecification","valueRequired":true,"valueName":"search_term_string"}}],"inLanguage":"de"}]}},"_links":{"self":[{"href":"https:\/\/hirsch-prueftechnik.de\/de_de\/wp-json\/wp\/v2\/pages\/451","targetHints":{"allow":["GET"]}}],"collection":[{"href":"https:\/\/hirsch-prueftechnik.de\/de_de\/wp-json\/wp\/v2\/pages"}],"about":[{"href":"https:\/\/hirsch-prueftechnik.de\/de_de\/wp-json\/wp\/v2\/types\/page"}],"author":[{"embeddable":true,"href":"https:\/\/hirsch-prueftechnik.de\/de_de\/wp-json\/wp\/v2\/users\/1"}],"replies":[{"embeddable":true,"href":"https:\/\/hirsch-prueftechnik.de\/de_de\/wp-json\/wp\/v2\/comments?post=451"}],"version-history":[{"count":9,"href":"https:\/\/hirsch-prueftechnik.de\/de_de\/wp-json\/wp\/v2\/pages\/451\/revisions"}],"predecessor-version":[{"id":959,"href":"https:\/\/hirsch-prueftechnik.de\/de_de\/wp-json\/wp\/v2\/pages\/451\/revisions\/959"}],"wp:attachment":[{"href":"https:\/\/hirsch-prueftechnik.de\/de_de\/wp-json\/wp\/v2\/media?parent=451"}],"curies":[{"name":"wp","href":"https:\/\/api.w.org\/{rel}","templated":true}]}}