{"id":692,"date":"2025-02-11T16:58:19","date_gmt":"2025-02-11T15:58:19","guid":{"rendered":"https:\/\/hirsch-prueftechnik.de\/?page_id=692"},"modified":"2025-09-16T14:48:41","modified_gmt":"2025-09-16T12:48:41","slug":"geraete","status":"publish","type":"page","link":"https:\/\/hirsch-prueftechnik.de\/de_de\/geraete\/","title":{"rendered":"Ger\u00e4te"},"content":{"rendered":"\n\n\t<h2>\n\t\t\t\tGer\u00e4te f\u00fcr verl\u00e4ssliche Produktkontrolle\n\t\t\t<\/h2>\n\t\t\t<h3>Mobile Pr\u00fcfger\u00e4te<\/h3><h4>MT-Pr\u00fcfung und Entmagnetisierung selbst an schwer zug\u00e4nglichen Einsatzorten<\/h4>\t\t\t\n\t\t\t\t<p>Um vor Ort, Bauteile auf Oberfl\u00e4chenrisse zu pr\u00fcfen, bieten kleine mobile Pr\u00fcfger\u00e4te gro\u00dfe Vorteile. Denn diese helfen dem Pr\u00fcfer, an unterschiedlichen und schwer zug\u00e4nglichen Stellen zu pr\u00fcfen und die Bauteile anschlie\u00dfend zu entmagnetisieren.<\/p>\n<p>Unsere kleinsten Ger\u00e4te mit Ger\u00e4tegewichten von 10 -20 kg besitzen immer noch eine Spitzenstromst\u00e4rke von bis zu 8.000 A bei einem gew\u00f6hnlichen 230V Netzanschluss. So k\u00f6nnen mobil je nach Blechdicke Pr\u00fcffl\u00e4chen von bis zu 2 m\u00b2 aufgespannt werden. Dieses in Zweigeh\u00e4useausf\u00fchrung gebaute mobile Pr\u00fcfger\u00e4t kommt insbesondere f\u00fcr die MT-Pr\u00fcfung und Entmagnetisierung in engen R\u00e4umen und Beh\u00e4ltern zum Einsatz, unter Einhaltung der Unfallverh\u00fctungsvorschriften (UVV). Hierbei sind Stromversorgung und Pr\u00fcfger\u00e4t in getrennten Geh\u00e4usen untergebracht.<\/p>\n<p>Selbst unsere leistungsst\u00e4rksten Ger\u00e4te mit Stromst\u00e4rken bis 3 x 30.000 A k\u00f6nnen in mobilen kompakten Geh\u00e4usen auf R\u00e4dern von Hand, oder per Hub-, bzw. Gabelstapler bewegt und mobil eingesetzt werden.<\/p>\n\t\t\t<h3>Station\u00e4re Pr\u00fcfger\u00e4te<\/h3><h4>MT-Pr\u00fcfung und Entmagnetisierung von komplizierten Bauteilgeometrien<\/h4>\t\t\t\n\t\t\t\t<p>Mit station\u00e4ren Pr\u00fcfger\u00e4ten k\u00f6nnen MT-Pr\u00fcfungen und Entmagnetisierungen diverser Stahlbauteile ortsfest vorgenommen werden. Je nach Einsatzgebiet erlaubt die Gleich- und Wechselimpulstechnik auch neue Anwendungsmethoden bei der MT-Pr\u00fcfung und Entmagnetisierung.<\/p>\n<p>Bei der ber\u00fchrungsfreien Methode werden zum Beispiel die Pr\u00fcfmagnetfelder in zwei zueinander gekreuzten bzw. in einem bestimmten Winkel zueinander positionierten Spulen erzeugt und in das Bauteil eingeleitet. Die dabei im Bauteil an den Rissen austretenden Streufelder sorgen f\u00fcr eine abgegrenzte Anh\u00e4ufung der Magnetpulverpartikel der Pr\u00fcfmittelfl\u00fcssigkeit, die wiederum scharfe und klare Rissanzeigen bilden.<\/p>\n<p>Nach diesem Prinzip fertigen wir z.B. MT-Pr\u00fcftische, die sich f\u00fcr die gleichzeitige MT-Pr\u00fcfung von mehreren kompakten Bauteilen nach L\u00e4ngs- und Querfehlern eignen.<\/p>\n<p>Dar\u00fcber hinaus bieten wir auch MT-Pr\u00fcfanlagen in Kombination mit einer Eckspule an. In der Eckspule k\u00f6nnen z.B. Zahnr\u00e4der von wenigen Millimetern bis \u00fcber 10 m Au\u00dfendurchmesser schnell und wirtschaftlich ber\u00fchrungsfrei gepr\u00fcft und entmagnetisiert werden.<\/p>\n\t\t\t<h3>Messger\u00e4te und Zubeh\u00f6r<\/h3><h4>Impulspr\u00fcfstr\u00f6me, Impulspr\u00fcffeldst\u00e4rke und Restfeldst\u00e4rke<\/h4>\t\t\t\n\t\t\t\t<p>Die Messger\u00e4te der HPT Hirsch Pr\u00fcftechnik GmbH erfassen f\u00fcr die Magnetpulverpr\u00fcfung sowie f\u00fcr die Entmagnetisierung relevante Messwerte. Eingesetzt werden die Messeger\u00e4te zur Tr\u00e4gheits- und induktionsfreien Messung der Impulspr\u00fcfstromst\u00e4rke, Impulsfeldst\u00e4rke und Restfeldst\u00e4rke.<\/p>\n<h3>\n\t\t\tZu allen Mess- und Pr\u00fcfger\u00e4ten bieten wir Ihnen auch das passende Zubeh\u00f6r an:\t<\/h3>\n\t<ul>\n\t\t<li>\t\t\t\t\n\t\t<p>Magnetpole f\u00fcr die MT-Pr\u00fcfung mit Stromdurchflutung<\/p><\/li><li>\t\t\t\t\n\t\t<p>UV-Pr\u00fcfleuchte mit Wei\u00dflicht\u00fcberlagerung<\/p><\/li><li>\t\t\t\t\n\t\t<p>UV-LED-Leuchte zur Erkennung von fluoreszierenden Rissanzeigen<\/p><\/li><li>\t\t\t\t\n\t\t<p>Alle ben\u00f6tigten Pr\u00fcf-, Entmagnetisierungs- und Verbindungskabel<br \/>angepasst auf die jeweilige Pr\u00fcf- bzw. Entmagnetisierungsaufgabe<\/p><\/li><li>\t\t\t\t\n\t\t<p>Zertifikate von unabh\u00e4ngigen Kalibrierlaboren f\u00fcr unsere Messger\u00e4te<\/p><\/li>\t<\/ul>\n\t<h3>\n\t\t\t\tDatenbl\u00e4tter\n\t\t\t<\/h3>\n\t\t\t<p>Alle Informationen zu unseren Ger\u00e4ten und unserem Zubeh\u00f6r erhalten Sie als PDF zum herunterladen.<\/p>\t\n<h2>\n\t\t\tZubeh\u00f6r:\t<\/h2>\n\t\t\t<h6>01<\/h6><h4>Multipuls-1001-m<\/h4>\t\t\t\n\t\t\t\t<p>Messger\u00e4t f\u00fcr Impulspr\u00fcfstr\u00f6me, Impulspr\u00fcffeld- und Restfeldst\u00e4rke<\/p>\n\t\t\t<a href=\"https:\/\/hirsch-prueftechnik.de\/wp-content\/uploads\/2025\/02\/multipuls-1001-m.pdf\" title=\"Hier klicken\" target=\"_blank\" rel=\"noopener\"  role=\"button\" aria-label=\"Download\">\n\t\t\t\t\t\t\t\t\t\t\tDownload\n\t\t<\/a>\n\t\t\t<h6>02<\/h6><h4>Multipuls-1001-mp<\/h4>\t\t\t\n\t\t\t\t<p>Magnetpole\/Magnetkontakte f\u00fcr die MT-Pr\u00fcfung mit Stromdurchflutung<\/p>\n\t\t\t<a href=\"https:\/\/hirsch-prueftechnik.de\/wp-content\/uploads\/2025\/02\/multipuls-1001-mp_geaendert-1.pdf\" title=\"Hier klicken\" target=\"_blank\" rel=\"noopener\"  role=\"button\" aria-label=\"Download\">\n\t\t\t\t\t\t\t\t\t\t\tDownload\n\t\t<\/a>\n\t\t\t<h6>03<\/h6><h4>Multipuls-1003-uv-led<\/h4>\t\t\t\n\t\t\t\t<p>UV-LED-Leuchte zur Erkennung von fluoreszierenden Rissanzeigen in der<br \/>MT-Pr\u00fcfung<\/p>\n\t\t\t<a href=\"https:\/\/hirsch-prueftechnik.de\/wp-content\/uploads\/2025\/02\/multipuls-1003-uv-led_-_zw_-_d.pdf\" title=\"Hier klicken\" target=\"_blank\" rel=\"noopener\"  role=\"button\" aria-label=\"Download\">\n\t\t\t\t\t\t\t\t\t\t\tDownload\n\t\t<\/a>\n\t<h3>\n\t\t\t\tPr\u00fcf- und Entmagnetisierungsger\u00e4te:\n\t\t\t<\/h3>\n\t\t\t<p>MT-Pr\u00fcfen und Entmagnetisieren von kleinen bis mittleren Bauteilen:<\/p>\t\n\t<p>MT-Pr\u00fcfen und Entmagnetisieren von kleinen bis gr\u00f6\u00dferen Bauteilen:<\/p>\n\t\t\t<h6>06<\/h6><h4>Multipuls-1003-c1<\/h4>\t\t\t\n\t\t\t\t<p>Pr\u00fcfstrom bis zu 8.000 A<\/p>\n\t\t\t<a href=\"https:\/\/hirsch-prueftechnik.de\/wp-content\/uploads\/2025\/03\/Multipuls-1003-C1-mit-Eckspulefinal.pdf\" title=\"Hier klicken\" target=\"_blank\" rel=\"noopener\"  role=\"button\" aria-label=\"Download\">\n\t\t\t\t\t\t\t\t\t\t\tDownload\n\t\t<\/a>\n\t\t\t<h6>07<\/h6><h4>Multipuls-1003-e1<\/h4>\t\t\t\n\t\t\t\t<p>Pr\u00fcfstrom bis zu 20.000 A<\/p>\n\t\t\t<a href=\"https:\/\/hirsch-prueftechnik.de\/wp-content\/uploads\/2025\/03\/multipuls-1003-e1.pdf\" title=\"Hier klicken\" target=\"_blank\" rel=\"noopener\"  role=\"button\" aria-label=\"Download\">\n\t\t\t\t\t\t\t\t\t\t\tDownload\n\t\t<\/a>\n\t<h3>\n\t\t\t\tPr\u00fcf- und Entmagnetisierungsger\u00e4te:\n\t\t\t<\/h3>\n\t\t\t<p>MT-Pr\u00fcfen und Entmagnetisieren von kleinen bis sehr gro\u00dfen Bauteilen:<\/p>\t\n\t\t\t<h6>08<\/h6><h4>Multipuls-1003-e2-1<\/h4>\t\t\t\n\t\t\t\t<p>Pr\u00fcfstrom bis zu 30.000 A<\/p>\n\t\t\t<a href=\"https:\/\/hirsch-prueftechnik.de\/wp-content\/uploads\/2025\/03\/multipuls-1003-e2-1_deutsch.pdf\" title=\"Hier klicken\" target=\"_blank\" rel=\"noopener\"  role=\"button\" aria-label=\"Download\">\n\t\t\t\t\t\t\t\t\t\t\tDownload\n\t\t<\/a>\n\t\t\t<h6>09<\/h6><h4>Multipuls-1003-e2-2<\/h4>\t\t\t\n\t\t\t\t<p>Pr\u00fcfstrom bis zu 30.000 A. <br \/>MT-Pr\u00fcf- und Messger\u00e4t in einem mobilen Geh\u00e4use kombiniert.<\/p>\n\t\t\t<a href=\"https:\/\/hirsch-prueftechnik.de\/wp-content\/uploads\/2025\/03\/multipuls-1003-e2-2.pdf\" title=\"Hier klicken\" target=\"_blank\" rel=\"noopener\"  role=\"button\" aria-label=\"Download\">\n\t\t\t\t\t\t\t\t\t\t\tDownload\n\t\t<\/a>\n\t\t\t<h6>10<\/h6><h4>Multipuls-1003-e2-3<\/h4>\t\t\t\n\t\t\t\t<p>Pr\u00fcfstrom bis zu 30.000 A. <br \/>MT-Pr\u00fcf- und Messger\u00e4t in einem mobilen Geh\u00e4use kombiniert. Neu entwickelte Wechsel- stromimpulstechnik.<\/p>\n\t\t\t<a href=\"https:\/\/hirsch-prueftechnik.de\/wp-content\/uploads\/2025\/03\/Multipuls-1003-E2-3.pdf\" title=\"Hier klicken\" target=\"_blank\" rel=\"noopener\"  role=\"button\" aria-label=\"Download\">\n\t\t\t\t\t\t\t\t\t\t\tDownload\n\t\t<\/a>\n\t\t\t<h6>11<\/h6><h4>Multipuls-1003-e3<\/h4>\t\t\t\n\t\t\t\t<p>Pr\u00fcfstrom bis zu 3 x 30.000 A. MT-Pr\u00fcf- und Messger\u00e4t in einem mobilen Geh\u00e4use kombiniert.<\/p>\n\t\t\t<a href=\"https:\/\/hirsch-prueftechnik.de\/wp-content\/uploads\/2025\/03\/Multipuls-1003-E3.pdf\" title=\"Hier klicken\" target=\"_blank\" rel=\"noopener\"  role=\"button\" aria-label=\"Download\">\n\t\t\t\t\t\t\t\t\t\t\tDownload\n\t\t<\/a>\n\t<h2>\n\t\t\t\tSetzen Sie auf Hirsch Pr\u00fcftechnik \n\t\t\t<\/h2>\n\t\t\t<p>F\u00fcr Qualit\u00e4t, die h\u00e4lt, und Innovationen, die begeistern!<\/p>\t\n\t\t\t<a href=\"https:\/\/hirsch-prueftechnik.de\/de_de\/kontakt\/\" title=\"Hier klicken\" target=\"_self\"   role=\"button\" aria-label=\"Nehmen Sie Kontakt auf\">\n\t\t\t\t\t\t\tNehmen Sie Kontakt auf\n\t\t<\/a>\n\t\t<!-- Comment to fix spacing issue\n\t-->\n\t\t<h2>0+<\/h2>zufriedene Kunden\n\t<!-- Comment to fix spacing issue\n\t-->\t\n\t\t<!-- Comment to fix spacing issue\n\t-->\n\t\t<h2>0<\/h2>Jahre Erfahrung\n\t<!-- Comment to fix spacing issue\n\t-->\t\n\t\t<!-- Comment to fix spacing issue\n\t-->\n\t\t<h2>0+<\/h2>verschiedene Branchen\n\t<!-- Comment to fix spacing issue\n\t-->\t\n\t\t<!-- Comment to fix spacing issue\n\t-->\n\t\t<h2>0<\/h2>Ger\u00e4te im Einsatz\n\t<!-- Comment to fix spacing issue\n\t-->\t\n\n","protected":false},"excerpt":{"rendered":"<p>Ger\u00e4te f\u00fcr verl\u00e4ssliche Produktkontrolle Mobile Pr\u00fcfger\u00e4te MT-Pr\u00fcfung und Entmagnetisierung selbst an schwer zug\u00e4nglichen Einsatzorten Um vor Ort, Bauteile auf Oberfl\u00e4chenrisse zu pr\u00fcfen, bieten kleine mobile Pr\u00fcfger\u00e4te gro\u00dfe Vorteile. Denn diese helfen dem Pr\u00fcfer, an unterschiedlichen und schwer zug\u00e4nglichen Stellen zu pr\u00fcfen und die Bauteile anschlie\u00dfend zu entmagnetisieren. Unsere kleinsten Ger\u00e4te mit Ger\u00e4tegewichten von 10 -20 [&hellip;]<\/p>\n","protected":false},"author":1,"featured_media":0,"parent":0,"menu_order":0,"comment_status":"closed","ping_status":"closed","template":"","meta":{"site-sidebar-layout":"no-sidebar","site-content-layout":"page-builder","ast-site-content-layout":"full-width-container","site-content-style":"unboxed","site-sidebar-style":"unboxed","ast-global-header-display":"","ast-banner-title-visibility":"","ast-main-header-display":"","ast-hfb-above-header-display":"","ast-hfb-below-header-display":"","ast-hfb-mobile-header-display":"","site-post-title":"disabled","ast-breadcrumbs-content":"","ast-featured-img":"disabled","footer-sml-layout":"","ast-disable-related-posts":"","theme-transparent-header-meta":"enabled","adv-header-id-meta":"","stick-header-meta":"default","header-above-stick-meta":"","header-main-stick-meta":"","header-below-stick-meta":"","astra-migrate-meta-layouts":"set","ast-page-background-enabled":"default","ast-page-background-meta":{"desktop":{"background-color":"","background-image":"","background-repeat":"repeat","background-position":"center center","background-size":"auto","background-attachment":"scroll","background-type":"","background-media":"","overlay-type":"","overlay-color":"","overlay-opacity":"","overlay-gradient":""},"tablet":{"background-color":"","background-image":"","background-repeat":"repeat","background-position":"center center","background-size":"auto","background-attachment":"scroll","background-type":"","background-media":"","overlay-type":"","overlay-color":"","overlay-opacity":"","overlay-gradient":""},"mobile":{"background-color":"","background-image":"","background-repeat":"repeat","background-position":"center center","background-size":"auto","background-attachment":"scroll","background-type":"","background-media":"","overlay-type":"","overlay-color":"","overlay-opacity":"","overlay-gradient":""}},"ast-content-background-meta":{"desktop":{"background-color":"var(--ast-global-color-5)","background-image":"","background-repeat":"repeat","background-position":"center center","background-size":"auto","background-attachment":"scroll","background-type":"","background-media":"","overlay-type":"","overlay-color":"","overlay-opacity":"","overlay-gradient":""},"tablet":{"background-color":"var(--ast-global-color-5)","background-image":"","background-repeat":"repeat","background-position":"center center","background-size":"auto","background-attachment":"scroll","background-type":"","background-media":"","overlay-type":"","overlay-color":"","overlay-opacity":"","overlay-gradient":""},"mobile":{"background-color":"var(--ast-global-color-5)","background-image":"","background-repeat":"repeat","background-position":"center center","background-size":"auto","background-attachment":"scroll","background-type":"","background-media":"","overlay-type":"","overlay-color":"","overlay-opacity":"","overlay-gradient":""}},"footnotes":""},"class_list":["post-692","page","type-page","status-publish","hentry"],"yoast_head":"<!-- This site is optimized with the Yoast SEO plugin v27.5 - https:\/\/yoast.com\/product\/yoast-seo-wordpress\/ -->\n<title>Hirsch Pr\u00fcftechnik - Pr\u00fcfger\u00e4te<\/title>\n<meta name=\"description\" content=\"Pr\u00fcfger\u00e4te f\u00fcr pr\u00e4zise Werkstoffpr\u00fcfung \u2013 HPT Hirsch Pr\u00fcftechnik bietet einzigartige L\u00f6sungen f\u00fcr Risspr\u00fcfungen und Entmagnetisierungen.\" \/>\n<meta name=\"robots\" content=\"index, follow, max-snippet:-1, max-image-preview:large, max-video-preview:-1\" \/>\n<link rel=\"canonical\" href=\"https:\/\/hirsch-prueftechnik.de\/de_de\/geraete\/\" \/>\n<meta property=\"og:locale\" content=\"de_DE\" \/>\n<meta property=\"og:type\" content=\"article\" \/>\n<meta property=\"og:title\" content=\"Hirsch Pr\u00fcftechnik - Pr\u00fcfger\u00e4te\" \/>\n<meta property=\"og:description\" content=\"Pr\u00fcfger\u00e4te f\u00fcr pr\u00e4zise Werkstoffpr\u00fcfung \u2013 HPT Hirsch Pr\u00fcftechnik bietet einzigartige L\u00f6sungen f\u00fcr Risspr\u00fcfungen und Entmagnetisierungen.\" \/>\n<meta property=\"og:url\" content=\"https:\/\/hirsch-prueftechnik.de\/de_de\/geraete\/\" \/>\n<meta property=\"og:site_name\" content=\"Hirsch Pr\u00fcftechnik\" \/>\n<meta property=\"article:modified_time\" content=\"2025-09-16T12:48:41+00:00\" \/>\n<meta name=\"twitter:card\" content=\"summary_large_image\" \/>\n<meta name=\"twitter:label1\" content=\"Gesch\u00e4tzte Lesezeit\" \/>\n\t<meta name=\"twitter:data1\" content=\"7\u00a0Minuten\" \/>\n<script type=\"application\/ld+json\" class=\"yoast-schema-graph\">{\"@context\":\"https:\\\/\\\/schema.org\",\"@graph\":[{\"@type\":\"WebPage\",\"@id\":\"https:\\\/\\\/hirsch-prueftechnik.de\\\/de_de\\\/geraete\\\/\",\"url\":\"https:\\\/\\\/hirsch-prueftechnik.de\\\/de_de\\\/geraete\\\/\",\"name\":\"Hirsch Pr\u00fcftechnik - Pr\u00fcfger\u00e4te\",\"isPartOf\":{\"@id\":\"https:\\\/\\\/hirsch-prueftechnik.de\\\/de_de\\\/#website\"},\"datePublished\":\"2025-02-11T15:58:19+00:00\",\"dateModified\":\"2025-09-16T12:48:41+00:00\",\"description\":\"Pr\u00fcfger\u00e4te f\u00fcr pr\u00e4zise Werkstoffpr\u00fcfung \u2013 HPT Hirsch Pr\u00fcftechnik bietet einzigartige L\u00f6sungen f\u00fcr Risspr\u00fcfungen und Entmagnetisierungen.\",\"breadcrumb\":{\"@id\":\"https:\\\/\\\/hirsch-prueftechnik.de\\\/de_de\\\/geraete\\\/#breadcrumb\"},\"inLanguage\":\"de\",\"potentialAction\":[{\"@type\":\"ReadAction\",\"target\":[\"https:\\\/\\\/hirsch-prueftechnik.de\\\/de_de\\\/geraete\\\/\"]}]},{\"@type\":\"BreadcrumbList\",\"@id\":\"https:\\\/\\\/hirsch-prueftechnik.de\\\/de_de\\\/geraete\\\/#breadcrumb\",\"itemListElement\":[{\"@type\":\"ListItem\",\"position\":1,\"name\":\"Startseite\",\"item\":\"https:\\\/\\\/hirsch-prueftechnik.de\\\/\"},{\"@type\":\"ListItem\",\"position\":2,\"name\":\"Ger\u00e4te\"}]},{\"@type\":\"WebSite\",\"@id\":\"https:\\\/\\\/hirsch-prueftechnik.de\\\/de_de\\\/#website\",\"url\":\"https:\\\/\\\/hirsch-prueftechnik.de\\\/de_de\\\/\",\"name\":\"Hirsch Pr\u00fcftechnik\",\"description\":\"Risspr\u00fcfung und Entmagnetisierung\",\"potentialAction\":[{\"@type\":\"SearchAction\",\"target\":{\"@type\":\"EntryPoint\",\"urlTemplate\":\"https:\\\/\\\/hirsch-prueftechnik.de\\\/de_de\\\/?s={search_term_string}\"},\"query-input\":{\"@type\":\"PropertyValueSpecification\",\"valueRequired\":true,\"valueName\":\"search_term_string\"}}],\"inLanguage\":\"de\"}]}<\/script>\n<!-- \/ Yoast SEO plugin. -->","yoast_head_json":{"title":"Hirsch Pr\u00fcftechnik - Pr\u00fcfger\u00e4te","description":"Pr\u00fcfger\u00e4te f\u00fcr pr\u00e4zise Werkstoffpr\u00fcfung \u2013 HPT Hirsch Pr\u00fcftechnik bietet einzigartige L\u00f6sungen f\u00fcr Risspr\u00fcfungen und Entmagnetisierungen.","robots":{"index":"index","follow":"follow","max-snippet":"max-snippet:-1","max-image-preview":"max-image-preview:large","max-video-preview":"max-video-preview:-1"},"canonical":"https:\/\/hirsch-prueftechnik.de\/de_de\/geraete\/","og_locale":"de_DE","og_type":"article","og_title":"Hirsch Pr\u00fcftechnik - Pr\u00fcfger\u00e4te","og_description":"Pr\u00fcfger\u00e4te f\u00fcr pr\u00e4zise Werkstoffpr\u00fcfung \u2013 HPT Hirsch Pr\u00fcftechnik bietet einzigartige L\u00f6sungen f\u00fcr Risspr\u00fcfungen und Entmagnetisierungen.","og_url":"https:\/\/hirsch-prueftechnik.de\/de_de\/geraete\/","og_site_name":"Hirsch Pr\u00fcftechnik","article_modified_time":"2025-09-16T12:48:41+00:00","twitter_card":"summary_large_image","twitter_misc":{"Gesch\u00e4tzte Lesezeit":"7\u00a0Minuten"},"schema":{"@context":"https:\/\/schema.org","@graph":[{"@type":"WebPage","@id":"https:\/\/hirsch-prueftechnik.de\/de_de\/geraete\/","url":"https:\/\/hirsch-prueftechnik.de\/de_de\/geraete\/","name":"Hirsch Pr\u00fcftechnik - Pr\u00fcfger\u00e4te","isPartOf":{"@id":"https:\/\/hirsch-prueftechnik.de\/de_de\/#website"},"datePublished":"2025-02-11T15:58:19+00:00","dateModified":"2025-09-16T12:48:41+00:00","description":"Pr\u00fcfger\u00e4te f\u00fcr pr\u00e4zise Werkstoffpr\u00fcfung \u2013 HPT Hirsch Pr\u00fcftechnik bietet einzigartige L\u00f6sungen f\u00fcr Risspr\u00fcfungen und Entmagnetisierungen.","breadcrumb":{"@id":"https:\/\/hirsch-prueftechnik.de\/de_de\/geraete\/#breadcrumb"},"inLanguage":"de","potentialAction":[{"@type":"ReadAction","target":["https:\/\/hirsch-prueftechnik.de\/de_de\/geraete\/"]}]},{"@type":"BreadcrumbList","@id":"https:\/\/hirsch-prueftechnik.de\/de_de\/geraete\/#breadcrumb","itemListElement":[{"@type":"ListItem","position":1,"name":"Startseite","item":"https:\/\/hirsch-prueftechnik.de\/"},{"@type":"ListItem","position":2,"name":"Ger\u00e4te"}]},{"@type":"WebSite","@id":"https:\/\/hirsch-prueftechnik.de\/de_de\/#website","url":"https:\/\/hirsch-prueftechnik.de\/de_de\/","name":"Hirsch Pr\u00fcftechnik","description":"Risspr\u00fcfung und Entmagnetisierung","potentialAction":[{"@type":"SearchAction","target":{"@type":"EntryPoint","urlTemplate":"https:\/\/hirsch-prueftechnik.de\/de_de\/?s={search_term_string}"},"query-input":{"@type":"PropertyValueSpecification","valueRequired":true,"valueName":"search_term_string"}}],"inLanguage":"de"}]}},"_links":{"self":[{"href":"https:\/\/hirsch-prueftechnik.de\/de_de\/wp-json\/wp\/v2\/pages\/692","targetHints":{"allow":["GET"]}}],"collection":[{"href":"https:\/\/hirsch-prueftechnik.de\/de_de\/wp-json\/wp\/v2\/pages"}],"about":[{"href":"https:\/\/hirsch-prueftechnik.de\/de_de\/wp-json\/wp\/v2\/types\/page"}],"author":[{"embeddable":true,"href":"https:\/\/hirsch-prueftechnik.de\/de_de\/wp-json\/wp\/v2\/users\/1"}],"replies":[{"embeddable":true,"href":"https:\/\/hirsch-prueftechnik.de\/de_de\/wp-json\/wp\/v2\/comments?post=692"}],"version-history":[{"count":10,"href":"https:\/\/hirsch-prueftechnik.de\/de_de\/wp-json\/wp\/v2\/pages\/692\/revisions"}],"predecessor-version":[{"id":975,"href":"https:\/\/hirsch-prueftechnik.de\/de_de\/wp-json\/wp\/v2\/pages\/692\/revisions\/975"}],"wp:attachment":[{"href":"https:\/\/hirsch-prueftechnik.de\/de_de\/wp-json\/wp\/v2\/media?parent=692"}],"curies":[{"name":"wp","href":"https:\/\/api.w.org\/{rel}","templated":true}]}}