{"id":10,"date":"2024-12-19T10:03:46","date_gmt":"2024-12-19T09:03:46","guid":{"rendered":"https:\/\/hirsch-prueftechnik.de\/services\/"},"modified":"2025-03-21T08:24:56","modified_gmt":"2025-03-21T07:24:56","slug":"einsatzgebiete","status":"publish","type":"page","link":"https:\/\/hirsch-prueftechnik.de\/en\/einsatzgebiete\/","title":{"rendered":"Applicationfields"},"content":{"rendered":"<h2>One technology, many options.<\/h2>\r\n<p><img decoding=\"async\" title=\"technik_white_200\" data-src=\"https:\/\/hirsch-prueftechnik.de\/wp-content\/uploads\/2025\/01\/technik_white_200.png\" alt=\"technik_white_200\" src=\"data:image\/svg+xml;base64,PHN2ZyB3aWR0aD0iMSIgaGVpZ2h0PSIxIiB4bWxucz0iaHR0cDovL3d3dy53My5vcmcvMjAwMC9zdmciPjwvc3ZnPg==\" class=\"lazyload\" style=\"--smush-placeholder-width: 200px; --smush-placeholder-aspect-ratio: 200\/200;\" \/><\/p>\r\n<h5>Unlimited application possibilities:<\/h5>\r\n<h3>How our technology empowers you.<\/h3>\r\n<h2>Applicationfields<\/h2>\r\n<p>We provide innovative technologies to support companies across a wide range of industries. Discover our tailored solutions designed for your specific applications.<\/p>\r\n<p><img decoding=\"async\" title=\"hydroelectric_white_200\" data-src=\"https:\/\/hirsch-prueftechnik.de\/wp-content\/uploads\/2025\/01\/hydroelectric_white_200.png\" alt=\"hydroelectric_white_200\" src=\"data:image\/svg+xml;base64,PHN2ZyB3aWR0aD0iMSIgaGVpZ2h0PSIxIiB4bWxucz0iaHR0cDovL3d3dy53My5vcmcvMjAwMC9zdmciPjwvc3ZnPg==\" class=\"lazyload\" style=\"--smush-placeholder-width: 200px; --smush-placeholder-aspect-ratio: 200\/200;\" \/><\/p>\r\n<h3>Hydroelectric Power Plants<\/h3>\r\n<p>Inspecting components in hydroelectric power plants presents unique challenges requiring both precision and efficiency. For instance, when examining steel blades measuring an impressive 4.5 meters wide and 3 meters high, our innovative technology dramatically reduced inspection time\u2014from 40 hours with a two-person team to just 4 hours with a single technician.<\/p>\r\n<p><img decoding=\"async\" title=\"wind-energy_white_200\" data-src=\"https:\/\/hirsch-prueftechnik.de\/wp-content\/uploads\/2025\/01\/wind-energy_white_200.png\" alt=\"wind-energy_white_200\" src=\"data:image\/svg+xml;base64,PHN2ZyB3aWR0aD0iMSIgaGVpZ2h0PSIxIiB4bWxucz0iaHR0cDovL3d3dy53My5vcmcvMjAwMC9zdmciPjwvc3ZnPg==\" class=\"lazyload\" style=\"--smush-placeholder-width: 200px; --smush-placeholder-aspect-ratio: 200\/200;\" \/><\/p>\r\n<h3>Windfarms<\/h3>\r\n<p>In the wind power industry, inspecting large components like rolling bearing rings, planet carriers, and gear rims with internal and external gearing demands the highest level of precision. Our cutting-edge testing technologies enable fast and efficient evaluation of components with diameters exceeding 13 meters.<\/p>\r\n<p><img decoding=\"async\" title=\"engine_white_200\" data-src=\"https:\/\/hirsch-prueftechnik.de\/wp-content\/uploads\/2025\/01\/engine_white_200.png\" alt=\"engine_white_200\" src=\"data:image\/svg+xml;base64,PHN2ZyB3aWR0aD0iMSIgaGVpZ2h0PSIxIiB4bWxucz0iaHR0cDovL3d3dy53My5vcmcvMjAwMC9zdmciPjwvc3ZnPg==\" class=\"lazyload\" style=\"--smush-placeholder-width: 200px; --smush-placeholder-aspect-ratio: 200\/200;\" \/><\/p>\r\n<h3>Engine construction<\/h3>\r\n<p>In engine construction, precision and reliability are essential for quality control. Our advanced testing technologies provide fast, cost-effective, and dependable MT testing and demagnetization for critical components, including crankcases, cylinder heads, gears, crankshafts, camshafts, and connecting rods.<\/p>\r\n<p><img decoding=\"async\" title=\"gears_white_200\" data-src=\"https:\/\/hirsch-prueftechnik.de\/wp-content\/uploads\/2025\/01\/gears_white_200.png\" alt=\"gears_white_200\" src=\"data:image\/svg+xml;base64,PHN2ZyB3aWR0aD0iMSIgaGVpZ2h0PSIxIiB4bWxucz0iaHR0cDovL3d3dy53My5vcmcvMjAwMC9zdmciPjwvc3ZnPg==\" class=\"lazyload\" style=\"--smush-placeholder-width: 200px; --smush-placeholder-aspect-ratio: 200\/200;\" \/><\/p>\r\n<h3>Gear manufacturing<\/h3>\r\n<p>&nbsp;<\/p>\r\n<p>Egal ob Geh\u00e4use, Zahnr\u00e4der oder Wellen &#8211; im Getriebebau gelten strenge Anforderungen an die magnetische Restfeldst\u00e4rke. Unsere MT-Pr\u00fcfanlagen \u00fcberzeugen durch schnelle, kosteng\u00fcnstige und zuverl\u00e4ssige Pr\u00fcfungen sowie die tiefgehende Entmagnetisierung selbst komplexer und gro\u00df dimensionierter Bauteile.<br \/>Pr\u00e4zision bei Pr\u00fcfung und Entmagnetisierung.<\/p>\r\n<p><img decoding=\"async\" title=\"turbine_white_200\" data-src=\"https:\/\/hirsch-prueftechnik.de\/wp-content\/uploads\/2025\/01\/turbine_white_200.png\" alt=\"turbine_white_200\" src=\"data:image\/svg+xml;base64,PHN2ZyB3aWR0aD0iMSIgaGVpZ2h0PSIxIiB4bWxucz0iaHR0cDovL3d3dy53My5vcmcvMjAwMC9zdmciPjwvc3ZnPg==\" class=\"lazyload\" style=\"--smush-placeholder-width: 200px; --smush-placeholder-aspect-ratio: 200\/200;\" \/><\/p>\r\n<h3>Turbine construction<\/h3>\r\n<p>Im Turbinenbau ist die Kontrolle der magnetischen Restfeldst\u00e4rke entscheidend. Ein Beispiel: Nach der Entmagnetisierung eines Rotor\/L\u00e4ufers einer Gasturbine wurde die maximale Restfeldst\u00e4rke von nahezu 200 A\/cm auf unter 3 A\/cm reduziert &#8211; ein deutlicher Gewinn an Pr\u00e4zision und Effizienz.<\/p>\r\n<p><img decoding=\"async\" title=\"lift_white_200\" data-src=\"https:\/\/hirsch-prueftechnik.de\/wp-content\/uploads\/2025\/01\/lift_white_200.png\" alt=\"lift_white_200\" src=\"data:image\/svg+xml;base64,PHN2ZyB3aWR0aD0iMSIgaGVpZ2h0PSIxIiB4bWxucz0iaHR0cDovL3d3dy53My5vcmcvMjAwMC9zdmciPjwvc3ZnPg==\" class=\"lazyload\" style=\"--smush-placeholder-width: 200px; --smush-placeholder-aspect-ratio: 200\/200;\" \/><\/p>\r\n<h3>Crane construction<\/h3>\r\n<p>In crane construction, machine and steel components\u2014such as lattice tube masts and welded structures\u2014undergo rigorous quality testing. For example, during MT inspection of a central girder approximately 9 meters long, multiple-meter test sections are examined in a single step, ensuring thorough evaluation of all weld seams in every defect direction.<\/p>\r\n<p><img decoding=\"async\" title=\"casting_white_200\" data-src=\"https:\/\/hirsch-prueftechnik.de\/wp-content\/uploads\/2025\/01\/casting_white_200.png\" alt=\"casting_white_200\" src=\"data:image\/svg+xml;base64,PHN2ZyB3aWR0aD0iMSIgaGVpZ2h0PSIxIiB4bWxucz0iaHR0cDovL3d3dy53My5vcmcvMjAwMC9zdmciPjwvc3ZnPg==\" class=\"lazyload\" style=\"--smush-placeholder-width: 200px; --smush-placeholder-aspect-ratio: 200\/200;\" \/><\/p>\r\n<h3>Foundries<\/h3>\r\n<p>Designed for foundry applications, our Multipuls-1003-E3 device features cutting-edge three-pulse technology (3-DC-Pulse Technology), making it ideal for thick-walled, large components with rough surfaces. With its powerful 3 x 30,000 A pulse capability, even the largest cast components can be MT-tested and demagnetized quickly, reliably, and cost-effectively.<\/p>\r\n<p><img decoding=\"async\" title=\"air_white_200\" data-src=\"https:\/\/hirsch-prueftechnik.de\/wp-content\/uploads\/2025\/01\/air_white_200.png\" alt=\"air_white_200\" src=\"data:image\/svg+xml;base64,PHN2ZyB3aWR0aD0iMSIgaGVpZ2h0PSIxIiB4bWxucz0iaHR0cDovL3d3dy53My5vcmcvMjAwMC9zdmciPjwvc3ZnPg==\" class=\"lazyload\" style=\"--smush-placeholder-width: 200px; --smush-placeholder-aspect-ratio: 200\/200;\" \/><\/p>\r\n<h3>Large blower construction<\/h3>\r\n<p>In large blower manufacturing, components such as impeller blades, impellers, spars, and housings undergo rigorous quality testing. The image showcases an impeller blade inspection in its assembled state\u2014a method that minimizes assembly work and saves valuable time by allowing testing directly on the fully assembled component.<\/p>\r\n<p><img decoding=\"async\" title=\"verzinken_white_200\" data-src=\"https:\/\/hirsch-prueftechnik.de\/wp-content\/uploads\/2025\/01\/verzinken_white_200.png\" alt=\"verzinken_white_200\" src=\"data:image\/svg+xml;base64,PHN2ZyB3aWR0aD0iMSIgaGVpZ2h0PSIxIiB4bWxucz0iaHR0cDovL3d3dy53My5vcmcvMjAwMC9zdmciPjwvc3ZnPg==\" class=\"lazyload\" style=\"--smush-placeholder-width: 200px; --smush-placeholder-aspect-ratio: 200\/200;\" \/><\/p>\r\n<h3>Galvanizing plants<\/h3>\r\n<p>In galvanizing plants, our advanced direct current pulse technology enables fast, reliable testing of steel components. Cracks can be accurately detected even beneath zinc layers up to 800 \u00b5m thick. This cutting-edge technology ensures the highest inspection precision, maximizing safety and quality.<\/p>\r\n<p><img decoding=\"async\" title=\"schmieden_white_200\" data-src=\"https:\/\/hirsch-prueftechnik.de\/wp-content\/uploads\/2025\/01\/schmieden_white_200.png\" alt=\"schmieden_white_200\" src=\"data:image\/svg+xml;base64,PHN2ZyB3aWR0aD0iMSIgaGVpZ2h0PSIxIiB4bWxucz0iaHR0cDovL3d3dy53My5vcmcvMjAwMC9zdmciPjwvc3ZnPg==\" class=\"lazyload\" style=\"--smush-placeholder-width: 200px; --smush-placeholder-aspect-ratio: 200\/200;\" \/><\/p>\r\n<h3>Forges<\/h3>\r\n<p>In Schmiedereien werden Bauteile wie Ringe und Wellen mit unseren innovativen Gleichstromimpulsger\u00e4ten gepr\u00fcft. Besonders geschmiedete Ringe profitieren von der schnellen und einfachen Handhabung, da sie zuverl\u00e4ssig MT-rissgepr\u00fcft und gleichzeitig pr\u00e4zise entmagnetisiert werden k\u00f6nnen &#8211; f\u00fcr maximale Qualit\u00e4t.<\/p>\r\n<p><img decoding=\"async\" title=\"off-shore-white-200\" data-src=\"https:\/\/hirsch-prueftechnik.de\/wp-content\/uploads\/2025\/01\/off-shore-white-200.png\" alt=\"off-shore-white-200\" src=\"data:image\/svg+xml;base64,PHN2ZyB3aWR0aD0iMSIgaGVpZ2h0PSIxIiB4bWxucz0iaHR0cDovL3d3dy53My5vcmcvMjAwMC9zdmciPjwvc3ZnPg==\" class=\"lazyload\" style=\"--smush-placeholder-width: 200px; --smush-placeholder-aspect-ratio: 200\/200;\" \/><\/p>\r\n<h3>Off-shore<\/h3>\r\n<p>In the offshore sector, high-stress components like elevator links are subject to stringent testing standards. Our advanced direct current pulse technology detects even the smallest defects beneath zinc coatings\u2014flaws that traditional methods, such as hand magnets, often miss.<\/p>\r\n<p><img decoding=\"async\" title=\"airplane-white-200\" data-src=\"https:\/\/hirsch-prueftechnik.de\/wp-content\/uploads\/2025\/01\/airplane-white-200.png\" alt=\"airplane-white-200\" src=\"data:image\/svg+xml;base64,PHN2ZyB3aWR0aD0iMSIgaGVpZ2h0PSIxIiB4bWxucz0iaHR0cDovL3d3dy53My5vcmcvMjAwMC9zdmciPjwvc3ZnPg==\" class=\"lazyload\" style=\"--smush-placeholder-width: 200px; --smush-placeholder-aspect-ratio: 200\/200;\" \/><\/p>\r\n<h3>Aircraft construction<\/h3>\r\n<p>Our MT testing and demagnetization devices play a critical role in aircraft manufacturing, particularly in turbine prototype development. They safeguard sensitive encoder systems from interference caused by residual magnetic fields while also ensuring effective tool demagnetization.<\/p>\r\n<p><img decoding=\"async\" title=\"profile-white-200\" data-src=\"https:\/\/hirsch-prueftechnik.de\/wp-content\/uploads\/2025\/01\/profile-white-200.png\" alt=\"profile-white-200\" src=\"data:image\/svg+xml;base64,PHN2ZyB3aWR0aD0iMSIgaGVpZ2h0PSIxIiB4bWxucz0iaHR0cDovL3d3dy53My5vcmcvMjAwMC9zdmciPjwvc3ZnPg==\" class=\"lazyload\" style=\"--smush-placeholder-width: 200px; --smush-placeholder-aspect-ratio: 200\/200;\" \/><\/p>\r\n<h3>Steel construction<\/h3>\r\n<p>In the steel construction industry, our magnetic particle testing (MT testing) and demagnetization technology are primarily utilized for large, complex components and welded structures.  \nThe component shown here is a high-capacity container in which we performed the demagnetization of the nozzles. Due to the presence of strong residual magnetic fields, proper welding would not have been feasible without our intervention.<\/p>\r\n<p><img decoding=\"async\" title=\"water-pipe-white-200\" data-src=\"https:\/\/hirsch-prueftechnik.de\/wp-content\/uploads\/2025\/01\/water-pipe-white-200.png\" alt=\"water-pipe-white-200\" src=\"data:image\/svg+xml;base64,PHN2ZyB3aWR0aD0iMSIgaGVpZ2h0PSIxIiB4bWxucz0iaHR0cDovL3d3dy53My5vcmcvMjAwMC9zdmciPjwvc3ZnPg==\" class=\"lazyload\" style=\"--smush-placeholder-width: 200px; --smush-placeholder-aspect-ratio: 200\/200;\" \/><\/p>\r\n<h3>Pipeline construction<\/h3>\r\n<p>Our Multipuls-1003-E3 device, featuring three-pulse technology (3-DC-Pulse Technology), is perfectly suited for thick-walled and large components in pipeline construction. With a powerful 3 x 30,000 A output, it enables fast, reliable, and cost-effective MT testing and demagnetization, even on rough surfaces.<\/p>\r\n<p><img decoding=\"async\" title=\"tubes-white-200\" data-src=\"https:\/\/hirsch-prueftechnik.de\/wp-content\/uploads\/2025\/01\/tubes-white-200.png\" alt=\"tubes-white-200\" src=\"data:image\/svg+xml;base64,PHN2ZyB3aWR0aD0iMSIgaGVpZ2h0PSIxIiB4bWxucz0iaHR0cDovL3d3dy53My5vcmcvMjAwMC9zdmciPjwvc3ZnPg==\" class=\"lazyload\" style=\"--smush-placeholder-width: 200px; --smush-placeholder-aspect-ratio: 200\/200;\" \/><\/p>\r\n<h3>Plant engineering<\/h3>\r\n<p>In pipeline construction, heat exchanger tube bundles are efficiently demagnetized. The image depicts a bundle of 40 heat exchanger tubes, each measuring 27 meters in length, successfully demagnetized in just minutes as part of a large-scale order.<\/p>\r\n<p><img decoding=\"async\" title=\"ship-construction-white-200\" data-src=\"https:\/\/hirsch-prueftechnik.de\/wp-content\/uploads\/2025\/01\/ship-construction-white-200.png\" alt=\"ship-construction-white-200\" src=\"data:image\/svg+xml;base64,PHN2ZyB3aWR0aD0iMSIgaGVpZ2h0PSIxIiB4bWxucz0iaHR0cDovL3d3dy53My5vcmcvMjAwMC9zdmciPjwvc3ZnPg==\" class=\"lazyload\" style=\"--smush-placeholder-width: 200px; --smush-placeholder-aspect-ratio: 200\/200;\" \/><\/p>\r\n<h3>Shipbuilding<\/h3>\r\n<p>Our DC pulse devices are widely utilized in shipbuilding, especially for submarine construction, where long weld seams require precise inspection. This advanced technology reliably detects near-surface defects that conventional AC-powered hand yokes often miss.<\/p>\r\n<p><img decoding=\"async\" title=\"unit-testing-white-200\" data-src=\"https:\/\/hirsch-prueftechnik.de\/wp-content\/uploads\/2025\/01\/unit-testing-white-200.png\" alt=\"unit-testing-white-200\" src=\"data:image\/svg+xml;base64,PHN2ZyB3aWR0aD0iMSIgaGVpZ2h0PSIxIiB4bWxucz0iaHR0cDovL3d3dy53My5vcmcvMjAwMC9zdmciPjwvc3ZnPg==\" class=\"lazyload\" style=\"--smush-placeholder-width: 200px; --smush-placeholder-aspect-ratio: 200\/200;\" \/><\/p>\r\n<h3>Materials testing labs<\/h3>\r\n<p>Our MT testing and demagnetization devices are utilized in materials testing laboratories across Europe, including by esteemed organizations such as T\u00dcV and Dekra. Known for their exceptional precision and reliability, these devices ensure accurate testing of a wide range of materials and components\u2014areas where conventional hand yokes are often insufficient.<\/p>\r\n<h2>From offshore to steel construction:<\/h2>\r\n<p>Our technology overcomes every challenge. Discover what\u2019s possible.<\/p>\r\n<p><a title=\"Hier klicken\" role=\"button\" href=\"https:\/\/hirsch-prueftechnik.de\/en\/kontakt\/\" target=\"_self\" aria-label=\"Check possible applications now\"> Check possible applications now <\/a><\/p>","protected":false},"excerpt":{"rendered":"<p>Eine Technik, viele M\u00f6glichkeiten. Grenzenlose Einsatzm\u00f6glichkeiten: Wo unsere Technik Sie unterst\u00fctzt Einsatzgebiete Mit innovativen Technologien unterst\u00fctzen wir Unternehmen in unterschiedlichsten Sektoren. Lernen Sie unsere ma\u00dfgeschneiderten L\u00f6sungen f\u00fcr Ihren Einsatzbereich kennen. Wasserkraftwerke Die \u00dcberpr\u00fcfung von Bauteilen in Wasserkraftwerken stellt besondere Herausforderungen an Pr\u00e4zision und Effizienz. Ein Beispiel: Bei der Pr\u00fcfung von Stahlschaufeln, die mit einer Breite [&hellip;]<\/p>\n","protected":false},"author":1,"featured_media":0,"parent":0,"menu_order":0,"comment_status":"closed","ping_status":"closed","template":"","meta":{"site-sidebar-layout":"no-sidebar","site-content-layout":"page-builder","ast-site-content-layout":"full-width-container","site-content-style":"unboxed","site-sidebar-style":"unboxed","ast-global-header-display":"","ast-banner-title-visibility":"","ast-main-header-display":"","ast-hfb-above-header-display":"","ast-hfb-below-header-display":"","ast-hfb-mobile-header-display":"","site-post-title":"disabled","ast-breadcrumbs-content":"","ast-featured-img":"disabled","footer-sml-layout":"","ast-disable-related-posts":"","theme-transparent-header-meta":"enabled","adv-header-id-meta":"","stick-header-meta":"default","header-above-stick-meta":"","header-main-stick-meta":"","header-below-stick-meta":"","astra-migrate-meta-layouts":"set","ast-page-background-enabled":"default","ast-page-background-meta":{"desktop":{"background-color":"","background-image":"","background-repeat":"repeat","background-position":"center center","background-size":"auto","background-attachment":"scroll","background-type":"","background-media":"","overlay-type":"","overlay-color":"","overlay-opacity":"","overlay-gradient":""},"tablet":{"background-color":"","background-image":"","background-repeat":"repeat","background-position":"center center","background-size":"auto","background-attachment":"scroll","background-type":"","background-media":"","overlay-type":"","overlay-color":"","overlay-opacity":"","overlay-gradient":""},"mobile":{"background-color":"","background-image":"","background-repeat":"repeat","background-position":"center center","background-size":"auto","background-attachment":"scroll","background-type":"","background-media":"","overlay-type":"","overlay-color":"","overlay-opacity":"","overlay-gradient":""}},"ast-content-background-meta":{"desktop":{"background-color":"var(--ast-global-color-5)","background-image":"","background-repeat":"repeat","background-position":"center center","background-size":"auto","background-attachment":"scroll","background-type":"","background-media":"","overlay-type":"","overlay-color":"","overlay-opacity":"","overlay-gradient":""},"tablet":{"background-color":"var(--ast-global-color-5)","background-image":"","background-repeat":"repeat","background-position":"center center","background-size":"auto","background-attachment":"scroll","background-type":"","background-media":"","overlay-type":"","overlay-color":"","overlay-opacity":"","overlay-gradient":""},"mobile":{"background-color":"var(--ast-global-color-5)","background-image":"","background-repeat":"repeat","background-position":"center center","background-size":"auto","background-attachment":"scroll","background-type":"","background-media":"","overlay-type":"","overlay-color":"","overlay-opacity":"","overlay-gradient":""}},"footnotes":""},"class_list":["post-10","page","type-page","status-publish","hentry"],"yoast_head":"<!-- This site is optimized with the Yoast SEO plugin v27.5 - https:\/\/yoast.com\/product\/yoast-seo-wordpress\/ -->\n<title>Hirsch Pr\u00fcftechnik - Einsatzgebiete<\/title>\n<meta name=\"description\" content=\"Einsatzgebiete der zerst\u00f6rungsfreien Werkstoffpr\u00fcfung \u2013 HPT Hirsch Pr\u00fcftechnik bietet L\u00f6sungen f\u00fcr viele Industrien. Mehr erfahren Sie hier.\" \/>\n<meta name=\"robots\" content=\"index, follow, max-snippet:-1, max-image-preview:large, max-video-preview:-1\" \/>\n<link rel=\"canonical\" href=\"https:\/\/hirsch-prueftechnik.de\/en\/einsatzgebiete\/\" \/>\n<meta property=\"og:locale\" content=\"en_US\" \/>\n<meta property=\"og:type\" content=\"article\" \/>\n<meta property=\"og:title\" content=\"Hirsch Pr\u00fcftechnik - Einsatzgebiete\" \/>\n<meta property=\"og:description\" content=\"Einsatzgebiete der zerst\u00f6rungsfreien Werkstoffpr\u00fcfung \u2013 HPT Hirsch Pr\u00fcftechnik bietet L\u00f6sungen f\u00fcr viele Industrien. Mehr erfahren Sie hier.\" \/>\n<meta property=\"og:url\" content=\"https:\/\/hirsch-prueftechnik.de\/en\/einsatzgebiete\/\" \/>\n<meta property=\"og:site_name\" content=\"Hirsch Pr\u00fcftechnik\" \/>\n<meta property=\"article:modified_time\" content=\"2025-03-21T07:24:56+00:00\" \/>\n<meta property=\"og:image\" content=\"https:\/\/hirsch-prueftechnik.de\/wp-content\/uploads\/2025\/01\/technik_white_200.png\" \/>\n<meta name=\"twitter:card\" content=\"summary_large_image\" \/>\n<meta name=\"twitter:label1\" content=\"Est. reading time\" \/>\n\t<meta name=\"twitter:data1\" content=\"8 minutes\" \/>\n<script type=\"application\/ld+json\" class=\"yoast-schema-graph\">{\"@context\":\"https:\\\/\\\/schema.org\",\"@graph\":[{\"@type\":\"WebPage\",\"@id\":\"https:\\\/\\\/hirsch-prueftechnik.de\\\/einsatzgebiete\\\/\",\"url\":\"https:\\\/\\\/hirsch-prueftechnik.de\\\/einsatzgebiete\\\/\",\"name\":\"Hirsch Pr\u00fcftechnik - Einsatzgebiete\",\"isPartOf\":{\"@id\":\"https:\\\/\\\/hirsch-prueftechnik.de\\\/de_de\\\/#website\"},\"primaryImageOfPage\":{\"@id\":\"https:\\\/\\\/hirsch-prueftechnik.de\\\/einsatzgebiete\\\/#primaryimage\"},\"image\":{\"@id\":\"https:\\\/\\\/hirsch-prueftechnik.de\\\/einsatzgebiete\\\/#primaryimage\"},\"thumbnailUrl\":\"https:\\\/\\\/hirsch-prueftechnik.de\\\/wp-content\\\/uploads\\\/2025\\\/01\\\/technik_white_200.png\",\"datePublished\":\"2024-12-19T09:03:46+00:00\",\"dateModified\":\"2025-03-21T07:24:56+00:00\",\"description\":\"Einsatzgebiete der zerst\u00f6rungsfreien Werkstoffpr\u00fcfung \u2013 HPT Hirsch Pr\u00fcftechnik bietet L\u00f6sungen f\u00fcr viele Industrien. Mehr erfahren Sie hier.\",\"breadcrumb\":{\"@id\":\"https:\\\/\\\/hirsch-prueftechnik.de\\\/einsatzgebiete\\\/#breadcrumb\"},\"inLanguage\":\"en-US\",\"potentialAction\":[{\"@type\":\"ReadAction\",\"target\":[\"https:\\\/\\\/hirsch-prueftechnik.de\\\/einsatzgebiete\\\/\"]}]},{\"@type\":\"ImageObject\",\"inLanguage\":\"en-US\",\"@id\":\"https:\\\/\\\/hirsch-prueftechnik.de\\\/einsatzgebiete\\\/#primaryimage\",\"url\":\"https:\\\/\\\/hirsch-prueftechnik.de\\\/wp-content\\\/uploads\\\/2025\\\/01\\\/technik_white_200.png\",\"contentUrl\":\"https:\\\/\\\/hirsch-prueftechnik.de\\\/wp-content\\\/uploads\\\/2025\\\/01\\\/technik_white_200.png\"},{\"@type\":\"BreadcrumbList\",\"@id\":\"https:\\\/\\\/hirsch-prueftechnik.de\\\/einsatzgebiete\\\/#breadcrumb\",\"itemListElement\":[{\"@type\":\"ListItem\",\"position\":1,\"name\":\"Startseite\",\"item\":\"https:\\\/\\\/hirsch-prueftechnik.de\\\/\"},{\"@type\":\"ListItem\",\"position\":2,\"name\":\"Einsatzgebiete\"}]},{\"@type\":\"WebSite\",\"@id\":\"https:\\\/\\\/hirsch-prueftechnik.de\\\/de_de\\\/#website\",\"url\":\"https:\\\/\\\/hirsch-prueftechnik.de\\\/de_de\\\/\",\"name\":\"Hirsch Pr\u00fcftechnik\",\"description\":\"Risspr\u00fcfung und Entmagnetisierung\",\"potentialAction\":[{\"@type\":\"SearchAction\",\"target\":{\"@type\":\"EntryPoint\",\"urlTemplate\":\"https:\\\/\\\/hirsch-prueftechnik.de\\\/de_de\\\/?s={search_term_string}\"},\"query-input\":{\"@type\":\"PropertyValueSpecification\",\"valueRequired\":true,\"valueName\":\"search_term_string\"}}],\"inLanguage\":\"en-US\"}]}<\/script>\n<!-- \/ Yoast SEO plugin. -->","yoast_head_json":{"title":"Hirsch Pr\u00fcftechnik - Einsatzgebiete","description":"Einsatzgebiete der zerst\u00f6rungsfreien Werkstoffpr\u00fcfung \u2013 HPT Hirsch Pr\u00fcftechnik bietet L\u00f6sungen f\u00fcr viele Industrien. Mehr erfahren Sie hier.","robots":{"index":"index","follow":"follow","max-snippet":"max-snippet:-1","max-image-preview":"max-image-preview:large","max-video-preview":"max-video-preview:-1"},"canonical":"https:\/\/hirsch-prueftechnik.de\/en\/einsatzgebiete\/","og_locale":"en_US","og_type":"article","og_title":"Hirsch Pr\u00fcftechnik - Einsatzgebiete","og_description":"Einsatzgebiete der zerst\u00f6rungsfreien Werkstoffpr\u00fcfung \u2013 HPT Hirsch Pr\u00fcftechnik bietet L\u00f6sungen f\u00fcr viele Industrien. Mehr erfahren Sie hier.","og_url":"https:\/\/hirsch-prueftechnik.de\/en\/einsatzgebiete\/","og_site_name":"Hirsch Pr\u00fcftechnik","article_modified_time":"2025-03-21T07:24:56+00:00","og_image":[{"url":"https:\/\/hirsch-prueftechnik.de\/wp-content\/uploads\/2025\/01\/technik_white_200.png","type":"","width":"","height":""}],"twitter_card":"summary_large_image","twitter_misc":{"Est. reading time":"8 minutes"},"schema":{"@context":"https:\/\/schema.org","@graph":[{"@type":"WebPage","@id":"https:\/\/hirsch-prueftechnik.de\/einsatzgebiete\/","url":"https:\/\/hirsch-prueftechnik.de\/einsatzgebiete\/","name":"Hirsch Pr\u00fcftechnik - Einsatzgebiete","isPartOf":{"@id":"https:\/\/hirsch-prueftechnik.de\/de_de\/#website"},"primaryImageOfPage":{"@id":"https:\/\/hirsch-prueftechnik.de\/einsatzgebiete\/#primaryimage"},"image":{"@id":"https:\/\/hirsch-prueftechnik.de\/einsatzgebiete\/#primaryimage"},"thumbnailUrl":"https:\/\/hirsch-prueftechnik.de\/wp-content\/uploads\/2025\/01\/technik_white_200.png","datePublished":"2024-12-19T09:03:46+00:00","dateModified":"2025-03-21T07:24:56+00:00","description":"Einsatzgebiete der zerst\u00f6rungsfreien Werkstoffpr\u00fcfung \u2013 HPT Hirsch Pr\u00fcftechnik bietet L\u00f6sungen f\u00fcr viele Industrien. Mehr erfahren Sie hier.","breadcrumb":{"@id":"https:\/\/hirsch-prueftechnik.de\/einsatzgebiete\/#breadcrumb"},"inLanguage":"en-US","potentialAction":[{"@type":"ReadAction","target":["https:\/\/hirsch-prueftechnik.de\/einsatzgebiete\/"]}]},{"@type":"ImageObject","inLanguage":"en-US","@id":"https:\/\/hirsch-prueftechnik.de\/einsatzgebiete\/#primaryimage","url":"https:\/\/hirsch-prueftechnik.de\/wp-content\/uploads\/2025\/01\/technik_white_200.png","contentUrl":"https:\/\/hirsch-prueftechnik.de\/wp-content\/uploads\/2025\/01\/technik_white_200.png"},{"@type":"BreadcrumbList","@id":"https:\/\/hirsch-prueftechnik.de\/einsatzgebiete\/#breadcrumb","itemListElement":[{"@type":"ListItem","position":1,"name":"Startseite","item":"https:\/\/hirsch-prueftechnik.de\/"},{"@type":"ListItem","position":2,"name":"Einsatzgebiete"}]},{"@type":"WebSite","@id":"https:\/\/hirsch-prueftechnik.de\/de_de\/#website","url":"https:\/\/hirsch-prueftechnik.de\/de_de\/","name":"Hirsch Pr\u00fcftechnik","description":"Risspr\u00fcfung und Entmagnetisierung","potentialAction":[{"@type":"SearchAction","target":{"@type":"EntryPoint","urlTemplate":"https:\/\/hirsch-prueftechnik.de\/de_de\/?s={search_term_string}"},"query-input":{"@type":"PropertyValueSpecification","valueRequired":true,"valueName":"search_term_string"}}],"inLanguage":"en-US"}]}},"_links":{"self":[{"href":"https:\/\/hirsch-prueftechnik.de\/en\/wp-json\/wp\/v2\/pages\/10","targetHints":{"allow":["GET"]}}],"collection":[{"href":"https:\/\/hirsch-prueftechnik.de\/en\/wp-json\/wp\/v2\/pages"}],"about":[{"href":"https:\/\/hirsch-prueftechnik.de\/en\/wp-json\/wp\/v2\/types\/page"}],"author":[{"embeddable":true,"href":"https:\/\/hirsch-prueftechnik.de\/en\/wp-json\/wp\/v2\/users\/1"}],"replies":[{"embeddable":true,"href":"https:\/\/hirsch-prueftechnik.de\/en\/wp-json\/wp\/v2\/comments?post=10"}],"version-history":[{"count":10,"href":"https:\/\/hirsch-prueftechnik.de\/en\/wp-json\/wp\/v2\/pages\/10\/revisions"}],"predecessor-version":[{"id":952,"href":"https:\/\/hirsch-prueftechnik.de\/en\/wp-json\/wp\/v2\/pages\/10\/revisions\/952"}],"wp:attachment":[{"href":"https:\/\/hirsch-prueftechnik.de\/en\/wp-json\/wp\/v2\/media?parent=10"}],"curies":[{"name":"wp","href":"https:\/\/api.w.org\/{rel}","templated":true}]}}