{"id":239,"date":"2024-12-19T10:03:46","date_gmt":"2024-12-19T09:03:46","guid":{"rendered":"https:\/\/hirsch-prueftechnik.de\/home\/"},"modified":"2025-03-21T08:19:50","modified_gmt":"2025-03-21T07:19:50","slug":"home","status":"publish","type":"page","link":"https:\/\/hirsch-prueftechnik.de\/en\/","title":{"rendered":"Home"},"content":{"rendered":"<h2>Crack-free. Magnet-free. Future-proof.<\/h2>\r\n<h4>Ensuring quality and streamlining processes with cutting-edge testing technology.<\/h4>\r\n<p><a title=\"Hier klicken\" role=\"button\" href=\"https:\/\/hirsch-prueftechnik.de\/en\/kontakt\/\" target=\"_self\" aria-label=\"Get in touch\"> Get in touch <\/a> <img decoding=\"async\" data-src=\"https:\/\/hirsch-prueftechnik.de\/wp-content\/uploads\/2024\/12\/Einsatzgebiete-1.jpg\" alt=\"SSUCv3H4sIAAAAAAAEAJ2RTW7DIBCF95V6B4u1LWFc46ZXibrgZ+qM4pgIcKoo8t0LxpZm3R3ve8wwb3i9v1UV0yqgYV\/VK6ukcZqWEL2K6OaEeb1zsBidRzVlmNm6OSxEFZcAIbfYkVERxnS3wL3+eOdcdHUYm5kqksVYTVhY9MYOtNb\/riyH7yOKGmE2z21gEsTDBKoEOZer7Pobwd9otAdacESrxaIjKR\/OqCkXdKTz3aPBeSRlLl7A042llbsbAbOL2yR7MGbTSrNsu3aQp27g8lMILuTQs+MbnLmipbOWn7lgsvyTcLS5Uw9923HDG825aT6M0o2WAhrRWql\/jDiBkGmD6x\/voHZgJgIAAA==\" src=\"data:image\/svg+xml;base64,PHN2ZyB3aWR0aD0iMSIgaGVpZ2h0PSIxIiB4bWxucz0iaHR0cDovL3d3dy53My5vcmcvMjAwMC9zdmciPjwvc3ZnPg==\" class=\"lazyload\" style=\"--smush-placeholder-width: 480px; --smush-placeholder-aspect-ratio: 480\/480;\" \/><\/p>\r\n<h4>Applicationfields<\/h4>\r\n<p><img decoding=\"async\" data-src=\"https:\/\/hirsch-prueftechnik.de\/wp-content\/uploads\/2024\/12\/Technologie.jpg\" alt=\"Technologie\" src=\"data:image\/svg+xml;base64,PHN2ZyB3aWR0aD0iMSIgaGVpZ2h0PSIxIiB4bWxucz0iaHR0cDovL3d3dy53My5vcmcvMjAwMC9zdmciPjwvc3ZnPg==\" class=\"lazyload\" style=\"--smush-placeholder-width: 480px; --smush-placeholder-aspect-ratio: 480\/480;\" \/><\/p>\r\n<h4>Technology<\/h4>\r\n<p><img decoding=\"async\" data-src=\"https:\/\/hirsch-prueftechnik.de\/wp-content\/uploads\/2024\/12\/Geraete.jpg\" alt=\"Ger\u00e4te\" src=\"data:image\/svg+xml;base64,PHN2ZyB3aWR0aD0iMSIgaGVpZ2h0PSIxIiB4bWxucz0iaHR0cDovL3d3dy53My5vcmcvMjAwMC9zdmciPjwvc3ZnPg==\" class=\"lazyload\" style=\"--smush-placeholder-width: 480px; --smush-placeholder-aspect-ratio: 480\/480;\" \/><\/p>\r\n<h4>Devices\/Services<\/h4>\r\n<p><img decoding=\"async\" data-src=\"https:\/\/hirsch-prueftechnik.de\/wp-content\/uploads\/2024\/12\/Besonderheiten.jpg\" alt=\"Besonderheiten\" src=\"data:image\/svg+xml;base64,PHN2ZyB3aWR0aD0iMSIgaGVpZ2h0PSIxIiB4bWxucz0iaHR0cDovL3d3dy53My5vcmcvMjAwMC9zdmciPjwvc3ZnPg==\" class=\"lazyload\" style=\"--smush-placeholder-width: 480px; --smush-placeholder-aspect-ratio: 480\/480;\" \/><\/p>\r\n<h4>Features<\/h4>\r\n<h2>Everything points to that<\/h2>\r\n<p>This is how you ensure the best results and maximum productivity.<\/p>\r\n<h6>01<\/h6>\r\n<h4>Speed<\/h4>\r\n<p>Mit unserer innovativen Technologie optimieren Sie Ihre Pr\u00fcfprozesse und erreichen schnellere Ergebnisse &#8211; ohne Kompromisse bei der Qualit\u00e4t.<\/p>\r\n<h6>02<\/h6>\r\n<h4>Reliability<\/h4>\r\n<p>Durch pr\u00e4zise Technik garantieren wir fehlerfreie Pr\u00fcfungen, auf die Sie sich jederzeit verlassen k\u00f6nnen &#8211; Vertrauen in jedes Detail.<\/p>\r\n<h6>03<\/h6>\r\n<h4>Cost efficiency<\/h4>\r\n<p>Optimierte Pr\u00fcfverfahren reduzieren Ihre Kosten, ohne an Pr\u00e4zision zu verlieren &#8211; f\u00fcr maximale Wirtschaftlichkeit bei bester Qualit\u00e4t.<\/p>\r\n<h6>04<\/h6>\r\n<h4>Flexibility<\/h4>\r\n<p>Our solutions are highly adaptable to your needs, making them ideal for a diverse range of components and testing requirements.<\/p>\r\n<h6>05<\/h6>\r\n<h4>Security<\/h4>\r\n<p>Cutting-edge technology and proven testing methods minimize risks, ensuring the highest level of safety in every process.<\/p>\r\n<h6>06<\/h6>\r\n<h4>Durability<\/h4>\r\n<p>By implementing sustainable processes and demagnetization, you can extend the service life of your components and enhance production quality.<\/p>\r\n<h2>Values and Voices<\/h2>\r\n<p>Sicherheit beginnt dort, wo Unsichtbares sichtbar gemacht wird &#8211; und genau das ist unsere Mission.<\/p>\r\n<h6 class=\"uabb-testimonial-author-name testimonial-author-name\">Dr.-Ing. Peter Hirsch<\/h6>\r\n<p>Perfection is not the objective; it is the standard. Those who test materials are, in essence, testing the future.<\/p>\r\n<h6 class=\"uabb-testimonial-author-name testimonial-author-name\">Henry Hirsch<\/h6>\r\n<h2>Powerful techniques are ready to help you succeed!<\/h2>\r\n<p>Get started now!<\/p>\r\n<p><a title=\"Hier klicken\" role=\"button\" href=\"https:\/\/hirsch-prueftechnik.de\/en\/kontakt\/\" target=\"_self\" aria-label=\"Drop us a line\"> Drop us a line <\/a><\/p>\r\n<h5>Or give us a call:<\/h5>\r\n<h3>+49 (0) 6332\/49420<\/h3>","protected":false},"excerpt":{"rendered":"<p>Rissfrei. Magnetfrei. Zukunftssicher. Qualit\u00e4tssicherung und Prozessoptimierung durch innovative Pr\u00fcftechnik. Kontakt aufnehmen Einsatzgebiete Technologie Ger\u00e4te\/Dienstleistungen Besonderheiten Alles spricht daf\u00fcr So sorgen Sie f\u00fcr beste Ergebnisse und maximale Produktivit\u00e4t. 01 Schnelligkeit Mit unserer innovativen Technologie optimieren Sie Ihre Pr\u00fcfprozesse und erreichen schnellere Ergebnisse &#8211; ohne Kompromisse bei der Qualit\u00e4t. 02 Zuverl\u00e4ssigkeit Durch pr\u00e4zise Technik garantieren wir fehlerfreie [&hellip;]<\/p>\n","protected":false},"author":1,"featured_media":0,"parent":0,"menu_order":0,"comment_status":"closed","ping_status":"closed","template":"","meta":{"site-sidebar-layout":"no-sidebar","site-content-layout":"page-builder","ast-site-content-layout":"full-width-container","site-content-style":"unboxed","site-sidebar-style":"unboxed","ast-global-header-display":"","ast-banner-title-visibility":"","ast-main-header-display":"","ast-hfb-above-header-display":"","ast-hfb-below-header-display":"","ast-hfb-mobile-header-display":"","site-post-title":"disabled","ast-breadcrumbs-content":"","ast-featured-img":"disabled","footer-sml-layout":"","ast-disable-related-posts":"","theme-transparent-header-meta":"enabled","adv-header-id-meta":"","stick-header-meta":"default","header-above-stick-meta":"","header-main-stick-meta":"","header-below-stick-meta":"","astra-migrate-meta-layouts":"set","ast-page-background-enabled":"default","ast-page-background-meta":{"desktop":{"background-color":"","background-image":"","background-repeat":"repeat","background-position":"center center","background-size":"auto","background-attachment":"scroll","background-type":"","background-media":"","overlay-type":"","overlay-color":"","overlay-opacity":"","overlay-gradient":""},"tablet":{"background-color":"","background-image":"","background-repeat":"repeat","background-position":"center center","background-size":"auto","background-attachment":"scroll","background-type":"","background-media":"","overlay-type":"","overlay-color":"","overlay-opacity":"","overlay-gradient":""},"mobile":{"background-color":"","background-image":"","background-repeat":"repeat","background-position":"center center","background-size":"auto","background-attachment":"scroll","background-type":"","background-media":"","overlay-type":"","overlay-color":"","overlay-opacity":"","overlay-gradient":""}},"ast-content-background-meta":{"desktop":{"background-color":"var(--ast-global-color-5)","background-image":"","background-repeat":"repeat","background-position":"center center","background-size":"auto","background-attachment":"scroll","background-type":"","background-media":"","overlay-type":"","overlay-color":"","overlay-opacity":"","overlay-gradient":""},"tablet":{"background-color":"var(--ast-global-color-5)","background-image":"","background-repeat":"repeat","background-position":"center center","background-size":"auto","background-attachment":"scroll","background-type":"","background-media":"","overlay-type":"","overlay-color":"","overlay-opacity":"","overlay-gradient":""},"mobile":{"background-color":"var(--ast-global-color-5)","background-image":"","background-repeat":"repeat","background-position":"center center","background-size":"auto","background-attachment":"scroll","background-type":"","background-media":"","overlay-type":"","overlay-color":"","overlay-opacity":"","overlay-gradient":""}},"footnotes":""},"class_list":["post-239","page","type-page","status-publish","hentry"],"yoast_head":"<!-- This site is optimized with the Yoast SEO plugin v27.5 - https:\/\/yoast.com\/product\/yoast-seo-wordpress\/ -->\n<title>Hirsch Pr\u00fcftechnik GmbH - Risspr\u00fcfung und Entmagnetisierung<\/title>\n<meta name=\"description\" content=\"HPT Hirsch Pr\u00fcftechnik GmbH bietet innovative L\u00f6sungen f\u00fcr Magnetpulverpr\u00fcfung und Entmagnetisierung von Stahlbauteilen.\" \/>\n<meta name=\"robots\" content=\"index, follow, max-snippet:-1, max-image-preview:large, max-video-preview:-1\" \/>\n<link rel=\"canonical\" href=\"https:\/\/hirsch-prueftechnik.de\/en\/\" \/>\n<meta property=\"og:locale\" content=\"en_US\" \/>\n<meta property=\"og:type\" content=\"article\" \/>\n<meta property=\"og:title\" content=\"Hirsch Pr\u00fcftechnik GmbH - Risspr\u00fcfung und Entmagnetisierung\" \/>\n<meta property=\"og:description\" content=\"HPT Hirsch Pr\u00fcftechnik GmbH bietet innovative L\u00f6sungen f\u00fcr Magnetpulverpr\u00fcfung und Entmagnetisierung von Stahlbauteilen.\" \/>\n<meta property=\"og:url\" content=\"https:\/\/hirsch-prueftechnik.de\/en\/\" \/>\n<meta property=\"og:site_name\" content=\"Hirsch Pr\u00fcftechnik\" \/>\n<meta property=\"article:modified_time\" content=\"2025-03-21T07:19:50+00:00\" \/>\n<meta property=\"og:image\" content=\"https:\/\/hirsch-prueftechnik.de\/wp-content\/uploads\/2024\/12\/Einsatzgebiete-1.jpg\" \/>\n<meta name=\"twitter:card\" content=\"summary_large_image\" \/>\n<meta name=\"twitter:label1\" content=\"Est. reading time\" \/>\n\t<meta name=\"twitter:data1\" content=\"4 minutes\" \/>\n<script type=\"application\/ld+json\" class=\"yoast-schema-graph\">{\"@context\":\"https:\\\/\\\/schema.org\",\"@graph\":[{\"@type\":\"WebPage\",\"@id\":\"https:\\\/\\\/hirsch-prueftechnik.de\\\/\",\"url\":\"https:\\\/\\\/hirsch-prueftechnik.de\\\/\",\"name\":\"Hirsch Pr\u00fcftechnik GmbH - Risspr\u00fcfung und Entmagnetisierung\",\"isPartOf\":{\"@id\":\"https:\\\/\\\/hirsch-prueftechnik.de\\\/de_de\\\/#website\"},\"primaryImageOfPage\":{\"@id\":\"https:\\\/\\\/hirsch-prueftechnik.de\\\/#primaryimage\"},\"image\":{\"@id\":\"https:\\\/\\\/hirsch-prueftechnik.de\\\/#primaryimage\"},\"thumbnailUrl\":\"https:\\\/\\\/hirsch-prueftechnik.de\\\/wp-content\\\/uploads\\\/2024\\\/12\\\/Einsatzgebiete-1.jpg\",\"datePublished\":\"2024-12-19T09:03:46+00:00\",\"dateModified\":\"2025-03-21T07:19:50+00:00\",\"description\":\"HPT Hirsch Pr\u00fcftechnik GmbH bietet innovative L\u00f6sungen f\u00fcr Magnetpulverpr\u00fcfung und Entmagnetisierung von Stahlbauteilen.\",\"breadcrumb\":{\"@id\":\"https:\\\/\\\/hirsch-prueftechnik.de\\\/#breadcrumb\"},\"inLanguage\":\"en-US\",\"potentialAction\":[{\"@type\":\"ReadAction\",\"target\":[\"https:\\\/\\\/hirsch-prueftechnik.de\\\/\"]}]},{\"@type\":\"ImageObject\",\"inLanguage\":\"en-US\",\"@id\":\"https:\\\/\\\/hirsch-prueftechnik.de\\\/#primaryimage\",\"url\":\"https:\\\/\\\/hirsch-prueftechnik.de\\\/wp-content\\\/uploads\\\/2024\\\/12\\\/Einsatzgebiete-1.jpg\",\"contentUrl\":\"https:\\\/\\\/hirsch-prueftechnik.de\\\/wp-content\\\/uploads\\\/2024\\\/12\\\/Einsatzgebiete-1.jpg\"},{\"@type\":\"BreadcrumbList\",\"@id\":\"https:\\\/\\\/hirsch-prueftechnik.de\\\/#breadcrumb\",\"itemListElement\":[{\"@type\":\"ListItem\",\"position\":1,\"name\":\"Startseite\",\"item\":\"https:\\\/\\\/hirsch-prueftechnik.de\\\/\"},{\"@type\":\"ListItem\",\"position\":2,\"name\":\"Home\"}]},{\"@type\":\"WebSite\",\"@id\":\"https:\\\/\\\/hirsch-prueftechnik.de\\\/de_de\\\/#website\",\"url\":\"https:\\\/\\\/hirsch-prueftechnik.de\\\/de_de\\\/\",\"name\":\"Hirsch Pr\u00fcftechnik\",\"description\":\"Risspr\u00fcfung und Entmagnetisierung\",\"potentialAction\":[{\"@type\":\"SearchAction\",\"target\":{\"@type\":\"EntryPoint\",\"urlTemplate\":\"https:\\\/\\\/hirsch-prueftechnik.de\\\/de_de\\\/?s={search_term_string}\"},\"query-input\":{\"@type\":\"PropertyValueSpecification\",\"valueRequired\":true,\"valueName\":\"search_term_string\"}}],\"inLanguage\":\"en-US\"}]}<\/script>\n<!-- \/ Yoast SEO plugin. -->","yoast_head_json":{"title":"Hirsch Pr\u00fcftechnik GmbH - Risspr\u00fcfung und Entmagnetisierung","description":"HPT Hirsch Pr\u00fcftechnik GmbH bietet innovative L\u00f6sungen f\u00fcr Magnetpulverpr\u00fcfung und Entmagnetisierung von Stahlbauteilen.","robots":{"index":"index","follow":"follow","max-snippet":"max-snippet:-1","max-image-preview":"max-image-preview:large","max-video-preview":"max-video-preview:-1"},"canonical":"https:\/\/hirsch-prueftechnik.de\/en\/","og_locale":"en_US","og_type":"article","og_title":"Hirsch Pr\u00fcftechnik GmbH - Risspr\u00fcfung und Entmagnetisierung","og_description":"HPT Hirsch Pr\u00fcftechnik GmbH bietet innovative L\u00f6sungen f\u00fcr Magnetpulverpr\u00fcfung und Entmagnetisierung von Stahlbauteilen.","og_url":"https:\/\/hirsch-prueftechnik.de\/en\/","og_site_name":"Hirsch Pr\u00fcftechnik","article_modified_time":"2025-03-21T07:19:50+00:00","og_image":[{"url":"https:\/\/hirsch-prueftechnik.de\/wp-content\/uploads\/2024\/12\/Einsatzgebiete-1.jpg","type":"","width":"","height":""}],"twitter_card":"summary_large_image","twitter_misc":{"Est. reading time":"4 minutes"},"schema":{"@context":"https:\/\/schema.org","@graph":[{"@type":"WebPage","@id":"https:\/\/hirsch-prueftechnik.de\/","url":"https:\/\/hirsch-prueftechnik.de\/","name":"Hirsch Pr\u00fcftechnik GmbH - Risspr\u00fcfung und Entmagnetisierung","isPartOf":{"@id":"https:\/\/hirsch-prueftechnik.de\/de_de\/#website"},"primaryImageOfPage":{"@id":"https:\/\/hirsch-prueftechnik.de\/#primaryimage"},"image":{"@id":"https:\/\/hirsch-prueftechnik.de\/#primaryimage"},"thumbnailUrl":"https:\/\/hirsch-prueftechnik.de\/wp-content\/uploads\/2024\/12\/Einsatzgebiete-1.jpg","datePublished":"2024-12-19T09:03:46+00:00","dateModified":"2025-03-21T07:19:50+00:00","description":"HPT Hirsch Pr\u00fcftechnik GmbH bietet innovative L\u00f6sungen f\u00fcr Magnetpulverpr\u00fcfung und Entmagnetisierung von Stahlbauteilen.","breadcrumb":{"@id":"https:\/\/hirsch-prueftechnik.de\/#breadcrumb"},"inLanguage":"en-US","potentialAction":[{"@type":"ReadAction","target":["https:\/\/hirsch-prueftechnik.de\/"]}]},{"@type":"ImageObject","inLanguage":"en-US","@id":"https:\/\/hirsch-prueftechnik.de\/#primaryimage","url":"https:\/\/hirsch-prueftechnik.de\/wp-content\/uploads\/2024\/12\/Einsatzgebiete-1.jpg","contentUrl":"https:\/\/hirsch-prueftechnik.de\/wp-content\/uploads\/2024\/12\/Einsatzgebiete-1.jpg"},{"@type":"BreadcrumbList","@id":"https:\/\/hirsch-prueftechnik.de\/#breadcrumb","itemListElement":[{"@type":"ListItem","position":1,"name":"Startseite","item":"https:\/\/hirsch-prueftechnik.de\/"},{"@type":"ListItem","position":2,"name":"Home"}]},{"@type":"WebSite","@id":"https:\/\/hirsch-prueftechnik.de\/de_de\/#website","url":"https:\/\/hirsch-prueftechnik.de\/de_de\/","name":"Hirsch Pr\u00fcftechnik","description":"Risspr\u00fcfung und Entmagnetisierung","potentialAction":[{"@type":"SearchAction","target":{"@type":"EntryPoint","urlTemplate":"https:\/\/hirsch-prueftechnik.de\/de_de\/?s={search_term_string}"},"query-input":{"@type":"PropertyValueSpecification","valueRequired":true,"valueName":"search_term_string"}}],"inLanguage":"en-US"}]}},"_links":{"self":[{"href":"https:\/\/hirsch-prueftechnik.de\/en\/wp-json\/wp\/v2\/pages\/239","targetHints":{"allow":["GET"]}}],"collection":[{"href":"https:\/\/hirsch-prueftechnik.de\/en\/wp-json\/wp\/v2\/pages"}],"about":[{"href":"https:\/\/hirsch-prueftechnik.de\/en\/wp-json\/wp\/v2\/types\/page"}],"author":[{"embeddable":true,"href":"https:\/\/hirsch-prueftechnik.de\/en\/wp-json\/wp\/v2\/users\/1"}],"replies":[{"embeddable":true,"href":"https:\/\/hirsch-prueftechnik.de\/en\/wp-json\/wp\/v2\/comments?post=239"}],"version-history":[{"count":10,"href":"https:\/\/hirsch-prueftechnik.de\/en\/wp-json\/wp\/v2\/pages\/239\/revisions"}],"predecessor-version":[{"id":950,"href":"https:\/\/hirsch-prueftechnik.de\/en\/wp-json\/wp\/v2\/pages\/239\/revisions\/950"}],"wp:attachment":[{"href":"https:\/\/hirsch-prueftechnik.de\/en\/wp-json\/wp\/v2\/media?parent=239"}],"curies":[{"name":"wp","href":"https:\/\/api.w.org\/{rel}","templated":true}]}}