{"id":449,"date":"2024-12-19T10:03:46","date_gmt":"2024-12-19T09:03:46","guid":{"rendered":"https:\/\/hirsch-prueftechnik.de\/why-choose-us\/"},"modified":"2025-03-21T08:22:13","modified_gmt":"2025-03-21T07:22:13","slug":"besonderheiten","status":"publish","type":"page","link":"https:\/\/hirsch-prueftechnik.de\/en\/besonderheiten\/","title":{"rendered":"Features"},"content":{"rendered":"<h2>Testing, demagnetizing, optimizing.<\/h2>\r\n<h2>Our distinct advantage: Where innovation meets precision.<\/h2>\r\n<h4>Are you seeking an expert who not only excels in the latest testing methods but also develops patented technologies?<\/h4>\r\n<p>Then you've come to the right place! Our innovative solutions transform test system construction and unlock entirely new possibilities.<\/p>\r\n<p><strong>Unlimited options with patented technology.<\/strong><br \/>Tonnenschwere Stahlbauteile pr\u00fcfen &#8211; und das v\u00f6llig ber\u00fchrungslos? Kein Problem! Mit unserer einzigartigen Magnetpulverpr\u00fcfung entdecken wir selbst feinste Risse, ohne das Bauteil zu ber\u00fchren. Dank unserer patentierten Technologien setzen wir neue Ma\u00dfst\u00e4be in der zerst\u00f6rungsfreien Werkstoffpr\u00fcfung.<\/p>\r\n<p><strong>Mehr als nur Pr\u00fcfung &#8211; Unser Rundum-Service f\u00fcr Sie<\/strong><br \/>Wir sind nicht nur Pr\u00fcftechniker &#8211; wir sind Ihr verl\u00e4sslicher Partner in allen Fragen der Qualit\u00e4tssicherung. Unsere Leistungen gehen weit \u00fcber das Pr\u00fcfen hinaus: Wir beraten, warten, reparieren und liefern Ihnen hochwertige Hirsch MT-Pr\u00fcf- und Entmagnetisierger\u00e4te. Diese bew\u00e4hren sich t\u00e4glich in den unterschiedlichsten Industrien &#8211; zuverl\u00e4ssig, pr\u00e4zise und effizient.<\/p>\r\n<p><strong>Industry solutions that set the standard.<\/strong><br \/>Unsere HPT-Technologie ist in vielen Schl\u00fcsselbranchen im Einsatz. Ob in der Luftfahrt, im Schiffbau, in der Windkraftindustrie oder in der Sicherheits- und Verteidigungsindustrie &#8211; \u00fcberall dort, wo h\u00f6chste Pr\u00e4zision gefragt ist, sind wir zur Stelle. Unsere Gleichstromimpulstechnik macht&#8217;s m\u00f6glich: Sie pr\u00fcft wirtschaftlich, erkennt Oberfl\u00e4chenrisse in Sekundenschnelle und sorgt f\u00fcr eine dauerhafte Entmagnetisierung.<\/p>\r\n<p><strong>Your benefit? Unmatched safety and efficiency!<\/strong><br \/>Mit Hirsch Pr\u00fcftechnik profitieren Sie von modernsten L\u00f6sungen, die Ihre Pr\u00fcfprozesse schneller, pr\u00e4ziser und wirtschaftlicher machen. Wir sorgen daf\u00fcr, dass Ihre Bauteile h\u00f6chsten Qualit\u00e4tsstandards entsprechen &#8211; und das mit Innovationen, die ihrer Zeit voraus sind!<\/p>\r\n<h6>01<\/h6>\r\n<h4>Patented high-tech solutions<\/h4>\r\n<p>Our unique, patented testing methods set industry standards, providing you with cutting-edge technology that provides unparalleled precision and efficiency.<\/p>\r\n<h6>02<\/h6>\r\n<h4>Non-contact magnetic particle testing<\/h4>\r\n<p>Selbst tonnenschwere Bauteile werden bei uns gepr\u00fcft &#8211; und das vollkommen ber\u00fchrungslos! Das bedeutet minimalen Eingriff und maximale Sicherheit f\u00fcr Ihre wertvollen Komponenten.<\/p>\r\n<h6>03<\/h6>\r\n<h4>Comprehensive service from a single provider.<\/h4>\r\n<p>Beratung, Pr\u00fcfung, Wartung und Reparatur &#8211; wir bieten Ihnen einen umfassenden Service, der Ihnen Zeit und Kosten spart. Bei uns bekommen Sie alles, was Sie f\u00fcr eine sichere Pr\u00fcfung brauchen.<\/p>\r\n<h6>04<\/h6>\r\n<h4>Wide range of applications<\/h4>\r\n<p>Unsere Technologien sind branchen\u00fcbergreifend im Einsatz &#8211; von der Luftfahrt bis zur Windkraft. Egal, in welcher Branche Sie t\u00e4tig sind, wir haben die passende L\u00f6sung f\u00fcr Ihre Pr\u00fcfanforderungen.<\/p>\r\n<h6>05<\/h6>\r\n<h4>Efficiency and profitability<\/h4>\r\n<p>Our direct current pulse technology optimizes efficiency, saving you both time and costs. With fast and reliable processes, you can count on cost-effective testing for your components.<\/p>\r\n<h6>06<\/h6>\r\n<h4>Sustainable demagnetization<\/h4>\r\n<p>After testing, your components remain permanently demagnetized, ensuring seamless further processing while enhancing product quality and longevity.<\/p>\r\n<h2>Trust in Hirsch Pr\u00fcftechnik for superior testing solutions.<\/h2>\r\n<p>Delivering lasting quality and groundbreaking innovation!<\/p>\r\n<p><a title=\"Hier klicken\" role=\"button\" href=\"https:\/\/hirsch-prueftechnik.de\/en\/kontakt\/\" target=\"_self\" aria-label=\"Get in touch\"> Get in touch <\/a><\/p>\r\n<!-- Comment to fix spacing issue\r\n\t-->\r\n<h2>0+<\/h2>\r\n<p>happy clients<\/p>\r\n<!-- Comment to fix spacing issue\r\n\t--><!-- Comment to fix spacing issue\r\n\t-->\r\n<h2>0<\/h2>\r\n<p>years of experience<\/p>\r\n<!-- Comment to fix spacing issue\r\n\t--><!-- Comment to fix spacing issue\r\n\t-->\r\n<h2>0+<\/h2>\r\n<p>different industires<\/p>\r\n<!-- Comment to fix spacing issue\r\n\t--><!-- Comment to fix spacing issue\r\n\t-->\r\n<h2>0<\/h2>\r\n<p>devices in use<\/p>\r\n<!-- Comment to fix spacing issue\r\n\t-->","protected":false},"excerpt":{"rendered":"<p>Pr\u00fcfen, Entmagnetisieren, Optimieren. Was uns einzigartig macht: Innovation trifft Pr\u00e4zision Sie suchen einen Experten, der modernste Pr\u00fcfverfahren beherrscht und dabei noch eigene, patentierte Technologien entwickelt? Dann sind Sie hier genau richtig! Unsere innovativen L\u00f6sungen revolutionieren den Pr\u00fcfanlagenbau und er\u00f6ffnen v\u00f6llig neue M\u00f6glichkeiten. Grenzenlose M\u00f6glichkeiten dank patentierter TechnikTonnenschwere Stahlbauteile pr\u00fcfen &#8211; und das v\u00f6llig ber\u00fchrungslos? Kein [&hellip;]<\/p>\n","protected":false},"author":1,"featured_media":0,"parent":0,"menu_order":0,"comment_status":"closed","ping_status":"closed","template":"","meta":{"site-sidebar-layout":"no-sidebar","site-content-layout":"page-builder","ast-site-content-layout":"full-width-container","site-content-style":"unboxed","site-sidebar-style":"unboxed","ast-global-header-display":"","ast-banner-title-visibility":"","ast-main-header-display":"","ast-hfb-above-header-display":"","ast-hfb-below-header-display":"","ast-hfb-mobile-header-display":"","site-post-title":"disabled","ast-breadcrumbs-content":"","ast-featured-img":"disabled","footer-sml-layout":"","ast-disable-related-posts":"","theme-transparent-header-meta":"enabled","adv-header-id-meta":"","stick-header-meta":"default","header-above-stick-meta":"","header-main-stick-meta":"","header-below-stick-meta":"","astra-migrate-meta-layouts":"set","ast-page-background-enabled":"default","ast-page-background-meta":{"desktop":{"background-color":"","background-image":"","background-repeat":"repeat","background-position":"center center","background-size":"auto","background-attachment":"scroll","background-type":"","background-media":"","overlay-type":"","overlay-color":"","overlay-opacity":"","overlay-gradient":""},"tablet":{"background-color":"","background-image":"","background-repeat":"repeat","background-position":"center center","background-size":"auto","background-attachment":"scroll","background-type":"","background-media":"","overlay-type":"","overlay-color":"","overlay-opacity":"","overlay-gradient":""},"mobile":{"background-color":"","background-image":"","background-repeat":"repeat","background-position":"center center","background-size":"auto","background-attachment":"scroll","background-type":"","background-media":"","overlay-type":"","overlay-color":"","overlay-opacity":"","overlay-gradient":""}},"ast-content-background-meta":{"desktop":{"background-color":"var(--ast-global-color-5)","background-image":"","background-repeat":"repeat","background-position":"center center","background-size":"auto","background-attachment":"scroll","background-type":"","background-media":"","overlay-type":"","overlay-color":"","overlay-opacity":"","overlay-gradient":""},"tablet":{"background-color":"var(--ast-global-color-5)","background-image":"","background-repeat":"repeat","background-position":"center center","background-size":"auto","background-attachment":"scroll","background-type":"","background-media":"","overlay-type":"","overlay-color":"","overlay-opacity":"","overlay-gradient":""},"mobile":{"background-color":"var(--ast-global-color-5)","background-image":"","background-repeat":"repeat","background-position":"center center","background-size":"auto","background-attachment":"scroll","background-type":"","background-media":"","overlay-type":"","overlay-color":"","overlay-opacity":"","overlay-gradient":""}},"footnotes":""},"class_list":["post-449","page","type-page","status-publish","hentry"],"yoast_head":"<!-- This site is optimized with the Yoast SEO plugin v27.5 - https:\/\/yoast.com\/product\/yoast-seo-wordpress\/ -->\n<title>Hirsch Pr\u00fcftechnik - Besonderheiten<\/title>\n<meta name=\"description\" content=\"Patentierte, ber\u00fchrungslose Magnetpulverpr\u00fcfung f\u00fcr tonnenschwere Stahlbauteile. Effiziente, zerst\u00f6rungsfreie Werkstoffpr\u00fcfung.\" \/>\n<meta name=\"robots\" content=\"index, follow, max-snippet:-1, max-image-preview:large, max-video-preview:-1\" \/>\n<link rel=\"canonical\" href=\"https:\/\/hirsch-prueftechnik.de\/en\/besonderheiten\/\" \/>\n<meta property=\"og:locale\" content=\"en_US\" \/>\n<meta property=\"og:type\" content=\"article\" \/>\n<meta property=\"og:title\" content=\"Hirsch Pr\u00fcftechnik - Besonderheiten\" \/>\n<meta property=\"og:description\" content=\"Patentierte, ber\u00fchrungslose Magnetpulverpr\u00fcfung f\u00fcr tonnenschwere Stahlbauteile. Effiziente, zerst\u00f6rungsfreie Werkstoffpr\u00fcfung.\" \/>\n<meta property=\"og:url\" content=\"https:\/\/hirsch-prueftechnik.de\/en\/besonderheiten\/\" \/>\n<meta property=\"og:site_name\" content=\"Hirsch Pr\u00fcftechnik\" \/>\n<meta property=\"article:modified_time\" content=\"2025-03-21T07:22:13+00:00\" \/>\n<meta name=\"twitter:card\" content=\"summary_large_image\" \/>\n<meta name=\"twitter:label1\" content=\"Est. reading time\" \/>\n\t<meta name=\"twitter:data1\" content=\"3 minutes\" \/>\n<script type=\"application\/ld+json\" class=\"yoast-schema-graph\">{\"@context\":\"https:\\\/\\\/schema.org\",\"@graph\":[{\"@type\":\"WebPage\",\"@id\":\"https:\\\/\\\/hirsch-prueftechnik.de\\\/besonderheiten\\\/\",\"url\":\"https:\\\/\\\/hirsch-prueftechnik.de\\\/besonderheiten\\\/\",\"name\":\"Hirsch Pr\u00fcftechnik - Besonderheiten\",\"isPartOf\":{\"@id\":\"https:\\\/\\\/hirsch-prueftechnik.de\\\/de_de\\\/#website\"},\"datePublished\":\"2024-12-19T09:03:46+00:00\",\"dateModified\":\"2025-03-21T07:22:13+00:00\",\"description\":\"Patentierte, ber\u00fchrungslose Magnetpulverpr\u00fcfung f\u00fcr tonnenschwere Stahlbauteile. Effiziente, zerst\u00f6rungsfreie Werkstoffpr\u00fcfung.\",\"breadcrumb\":{\"@id\":\"https:\\\/\\\/hirsch-prueftechnik.de\\\/besonderheiten\\\/#breadcrumb\"},\"inLanguage\":\"en-US\",\"potentialAction\":[{\"@type\":\"ReadAction\",\"target\":[\"https:\\\/\\\/hirsch-prueftechnik.de\\\/besonderheiten\\\/\"]}]},{\"@type\":\"BreadcrumbList\",\"@id\":\"https:\\\/\\\/hirsch-prueftechnik.de\\\/besonderheiten\\\/#breadcrumb\",\"itemListElement\":[{\"@type\":\"ListItem\",\"position\":1,\"name\":\"Startseite\",\"item\":\"https:\\\/\\\/hirsch-prueftechnik.de\\\/\"},{\"@type\":\"ListItem\",\"position\":2,\"name\":\"Besonderheiten\"}]},{\"@type\":\"WebSite\",\"@id\":\"https:\\\/\\\/hirsch-prueftechnik.de\\\/de_de\\\/#website\",\"url\":\"https:\\\/\\\/hirsch-prueftechnik.de\\\/de_de\\\/\",\"name\":\"Hirsch Pr\u00fcftechnik\",\"description\":\"Risspr\u00fcfung und Entmagnetisierung\",\"potentialAction\":[{\"@type\":\"SearchAction\",\"target\":{\"@type\":\"EntryPoint\",\"urlTemplate\":\"https:\\\/\\\/hirsch-prueftechnik.de\\\/de_de\\\/?s={search_term_string}\"},\"query-input\":{\"@type\":\"PropertyValueSpecification\",\"valueRequired\":true,\"valueName\":\"search_term_string\"}}],\"inLanguage\":\"en-US\"}]}<\/script>\n<!-- \/ Yoast SEO plugin. -->","yoast_head_json":{"title":"Hirsch Pr\u00fcftechnik - Besonderheiten","description":"Patentierte, ber\u00fchrungslose Magnetpulverpr\u00fcfung f\u00fcr tonnenschwere Stahlbauteile. Effiziente, zerst\u00f6rungsfreie Werkstoffpr\u00fcfung.","robots":{"index":"index","follow":"follow","max-snippet":"max-snippet:-1","max-image-preview":"max-image-preview:large","max-video-preview":"max-video-preview:-1"},"canonical":"https:\/\/hirsch-prueftechnik.de\/en\/besonderheiten\/","og_locale":"en_US","og_type":"article","og_title":"Hirsch Pr\u00fcftechnik - Besonderheiten","og_description":"Patentierte, ber\u00fchrungslose Magnetpulverpr\u00fcfung f\u00fcr tonnenschwere Stahlbauteile. Effiziente, zerst\u00f6rungsfreie Werkstoffpr\u00fcfung.","og_url":"https:\/\/hirsch-prueftechnik.de\/en\/besonderheiten\/","og_site_name":"Hirsch Pr\u00fcftechnik","article_modified_time":"2025-03-21T07:22:13+00:00","twitter_card":"summary_large_image","twitter_misc":{"Est. reading time":"3 minutes"},"schema":{"@context":"https:\/\/schema.org","@graph":[{"@type":"WebPage","@id":"https:\/\/hirsch-prueftechnik.de\/besonderheiten\/","url":"https:\/\/hirsch-prueftechnik.de\/besonderheiten\/","name":"Hirsch Pr\u00fcftechnik - Besonderheiten","isPartOf":{"@id":"https:\/\/hirsch-prueftechnik.de\/de_de\/#website"},"datePublished":"2024-12-19T09:03:46+00:00","dateModified":"2025-03-21T07:22:13+00:00","description":"Patentierte, ber\u00fchrungslose Magnetpulverpr\u00fcfung f\u00fcr tonnenschwere Stahlbauteile. Effiziente, zerst\u00f6rungsfreie Werkstoffpr\u00fcfung.","breadcrumb":{"@id":"https:\/\/hirsch-prueftechnik.de\/besonderheiten\/#breadcrumb"},"inLanguage":"en-US","potentialAction":[{"@type":"ReadAction","target":["https:\/\/hirsch-prueftechnik.de\/besonderheiten\/"]}]},{"@type":"BreadcrumbList","@id":"https:\/\/hirsch-prueftechnik.de\/besonderheiten\/#breadcrumb","itemListElement":[{"@type":"ListItem","position":1,"name":"Startseite","item":"https:\/\/hirsch-prueftechnik.de\/"},{"@type":"ListItem","position":2,"name":"Besonderheiten"}]},{"@type":"WebSite","@id":"https:\/\/hirsch-prueftechnik.de\/de_de\/#website","url":"https:\/\/hirsch-prueftechnik.de\/de_de\/","name":"Hirsch Pr\u00fcftechnik","description":"Risspr\u00fcfung und Entmagnetisierung","potentialAction":[{"@type":"SearchAction","target":{"@type":"EntryPoint","urlTemplate":"https:\/\/hirsch-prueftechnik.de\/de_de\/?s={search_term_string}"},"query-input":{"@type":"PropertyValueSpecification","valueRequired":true,"valueName":"search_term_string"}}],"inLanguage":"en-US"}]}},"_links":{"self":[{"href":"https:\/\/hirsch-prueftechnik.de\/en\/wp-json\/wp\/v2\/pages\/449","targetHints":{"allow":["GET"]}}],"collection":[{"href":"https:\/\/hirsch-prueftechnik.de\/en\/wp-json\/wp\/v2\/pages"}],"about":[{"href":"https:\/\/hirsch-prueftechnik.de\/en\/wp-json\/wp\/v2\/types\/page"}],"author":[{"embeddable":true,"href":"https:\/\/hirsch-prueftechnik.de\/en\/wp-json\/wp\/v2\/users\/1"}],"replies":[{"embeddable":true,"href":"https:\/\/hirsch-prueftechnik.de\/en\/wp-json\/wp\/v2\/comments?post=449"}],"version-history":[{"count":11,"href":"https:\/\/hirsch-prueftechnik.de\/en\/wp-json\/wp\/v2\/pages\/449\/revisions"}],"predecessor-version":[{"id":951,"href":"https:\/\/hirsch-prueftechnik.de\/en\/wp-json\/wp\/v2\/pages\/449\/revisions\/951"}],"wp:attachment":[{"href":"https:\/\/hirsch-prueftechnik.de\/en\/wp-json\/wp\/v2\/media?parent=449"}],"curies":[{"name":"wp","href":"https:\/\/api.w.org\/{rel}","templated":true}]}}