{"id":8,"date":"2024-12-19T10:03:45","date_gmt":"2024-12-19T09:03:45","guid":{"rendered":"https:\/\/hirsch-prueftechnik.de\/about\/"},"modified":"2025-03-21T08:43:23","modified_gmt":"2025-03-21T07:43:23","slug":"ueber-uns","status":"publish","type":"page","link":"https:\/\/hirsch-prueftechnik.de\/en\/ueber-uns\/","title":{"rendered":"About us"},"content":{"rendered":"<h1>About us<\/h1>\r\n<p><img decoding=\"async\" title=\"schieblehre\" data-src=\"https:\/\/hirsch-prueftechnik.de\/wp-content\/uploads\/2024\/12\/schieblehre.png\" alt=\"schieblehre\" src=\"data:image\/svg+xml;base64,PHN2ZyB3aWR0aD0iMSIgaGVpZ2h0PSIxIiB4bWxucz0iaHR0cDovL3d3dy53My5vcmcvMjAwMC9zdmciPjwvc3ZnPg==\" class=\"lazyload\" style=\"--smush-placeholder-width: 102px; --smush-placeholder-aspect-ratio: 102\/114;\" \/><\/p>\r\n<h5>Crack- and Magnetfree<\/h5>\r\n<h3>Non-contact magnetic particle testing, even for steel components weighing multiple tons.<\/h3>\r\n<h2>Who we are<\/h2>\r\n<p>Hier ist unsere HPT-Geschichte:Die meisten Unternehmen formulieren ihre Werte in einem Manifest.\u00a0Wir setzen sie in die Tat um. So sieht unsers aus &#8211; vom ersten bis zum jetzigen Tag.<\/p>\r\n<h3>From narrow sections to precise solutions<\/h3>\r\n<h5>How a narrow challenge paved new paths<\/h5>\r\n<p>The history of HPT Hirsch Pr\u00fcftechnik GmbH traces back to the tight confines of a submarine. From 1980 to 1989, Dr. Peter Hirsch worked in research and development for submarine construction. In this environment, limited space and hard-to-reach areas posed significant challenges, particularly when testing the extensive weld seams.\u00a0<\/p>\r\n<p>Diese Erfahrung inspirierte ihn zur Entwicklung der MT-Pr\u00fcfung auf Gleichstromimpulsbasis &#8211; einer Technologie, die Pr\u00e4zision und Mobilit\u00e4t in perfekter Balance vereint.<\/p>\r\n<p>2006 wurde diese Innovation mit dem Erfinderpreis Rheinland-Pfalz ausgezeichnet. 2010 trat Henry Hirsch in das Unternehmen ein und f\u00fchrte mit frischem Blick und zukunftsorientierten Ideen die Vision seines Vaters fort. Gemeinsam pr\u00e4gen sie heute die Zukunft der Pr\u00fcf- und Entmagnetisierungstechnik &#8211; mit Leidenschaft, Innovation und einer Geschichte, die in den Tiefen des Ozeans begann.<\/p>\r\n<h3>Customer success as top priority.<\/h3>\r\n<h5>Our success is driven by our customers' success.<\/h5>\r\n<p>Wir bauen dauerhafte und vertrauensvolle Partnerschaften auf und konzentrieren uns auf die L\u00f6sung ihrer dringendsten Herausforderungen. Das ist kein Gerede &#8211; es ist unser Gesch\u00e4ftsmodell.<\/p>\r\n<h3>Driving solutions forward<\/h3>\r\n<h5>We leverage measurement data to drive results.<\/h5>\r\n<p>This means we take responsibility, innovate, and uphold our commitments. Along the way, we embrace creativity and imagination. Because in the end, results speak louder than words.<\/p>","protected":false},"excerpt":{"rendered":"<p>\u00dcber uns Riss- und Magnetfrei Ber\u00fchrungsfreie Magnetpulverpr\u00fcfungen auch f\u00fcr tonnenschwere Stahlbauteile. Wer wir sind Hier ist unsere HPT-Geschichte:Die meisten Unternehmen formulieren ihre Werte in einem Manifest.\u00a0Wir setzen sie in die Tat um. So sieht unsers aus &#8211; vom ersten bis zum jetzigen Tag. Von engen Sektionen zu pr\u00e4zisen L\u00f6sungen Wie eine enge Herausforderung neue Wege [&hellip;]<\/p>\n","protected":false},"author":1,"featured_media":0,"parent":0,"menu_order":0,"comment_status":"closed","ping_status":"closed","template":"","meta":{"site-sidebar-layout":"no-sidebar","site-content-layout":"page-builder","ast-site-content-layout":"full-width-container","site-content-style":"unboxed","site-sidebar-style":"unboxed","ast-global-header-display":"","ast-banner-title-visibility":"","ast-main-header-display":"","ast-hfb-above-header-display":"","ast-hfb-below-header-display":"","ast-hfb-mobile-header-display":"","site-post-title":"disabled","ast-breadcrumbs-content":"","ast-featured-img":"disabled","footer-sml-layout":"","ast-disable-related-posts":"","theme-transparent-header-meta":"enabled","adv-header-id-meta":"","stick-header-meta":"default","header-above-stick-meta":"","header-main-stick-meta":"","header-below-stick-meta":"","astra-migrate-meta-layouts":"set","ast-page-background-enabled":"default","ast-page-background-meta":{"desktop":{"background-color":"","background-image":"","background-repeat":"repeat","background-position":"center center","background-size":"auto","background-attachment":"scroll","background-type":"","background-media":"","overlay-type":"","overlay-color":"","overlay-opacity":"","overlay-gradient":""},"tablet":{"background-color":"","background-image":"","background-repeat":"repeat","background-position":"center center","background-size":"auto","background-attachment":"scroll","background-type":"","background-media":"","overlay-type":"","overlay-color":"","overlay-opacity":"","overlay-gradient":""},"mobile":{"background-color":"","background-image":"","background-repeat":"repeat","background-position":"center center","background-size":"auto","background-attachment":"scroll","background-type":"","background-media":"","overlay-type":"","overlay-color":"","overlay-opacity":"","overlay-gradient":""}},"ast-content-background-meta":{"desktop":{"background-color":"var(--ast-global-color-5)","background-image":"","background-repeat":"repeat","background-position":"center center","background-size":"auto","background-attachment":"scroll","background-type":"","background-media":"","overlay-type":"","overlay-color":"","overlay-opacity":"","overlay-gradient":""},"tablet":{"background-color":"var(--ast-global-color-5)","background-image":"","background-repeat":"repeat","background-position":"center center","background-size":"auto","background-attachment":"scroll","background-type":"","background-media":"","overlay-type":"","overlay-color":"","overlay-opacity":"","overlay-gradient":""},"mobile":{"background-color":"var(--ast-global-color-5)","background-image":"","background-repeat":"repeat","background-position":"center center","background-size":"auto","background-attachment":"scroll","background-type":"","background-media":"","overlay-type":"","overlay-color":"","overlay-opacity":"","overlay-gradient":""}},"footnotes":""},"class_list":["post-8","page","type-page","status-publish","hentry"],"yoast_head":"<!-- This site is optimized with the Yoast SEO plugin v27.5 - https:\/\/yoast.com\/product\/yoast-seo-wordpress\/ -->\n<title>Hirsch Pr\u00fcftechnik - \u00dcber uns<\/title>\n<meta name=\"description\" content=\"\u00dcber uns \u2013 HPT Hirsch Pr\u00fcftechnik vereint Innovation, Erfahrung und Leidenschaft f\u00fcr pr\u00e4zise Pr\u00fcftechnologie in einem starken Team.\" \/>\n<meta name=\"robots\" content=\"index, follow, max-snippet:-1, max-image-preview:large, max-video-preview:-1\" \/>\n<link rel=\"canonical\" href=\"https:\/\/hirsch-prueftechnik.de\/en\/ueber-uns\/\" \/>\n<meta property=\"og:locale\" content=\"en_US\" \/>\n<meta property=\"og:type\" content=\"article\" \/>\n<meta property=\"og:title\" content=\"Hirsch Pr\u00fcftechnik - \u00dcber uns\" \/>\n<meta property=\"og:description\" content=\"\u00dcber uns \u2013 HPT Hirsch Pr\u00fcftechnik vereint Innovation, Erfahrung und Leidenschaft f\u00fcr pr\u00e4zise Pr\u00fcftechnologie in einem starken Team.\" \/>\n<meta property=\"og:url\" content=\"https:\/\/hirsch-prueftechnik.de\/en\/ueber-uns\/\" \/>\n<meta property=\"og:site_name\" content=\"Hirsch Pr\u00fcftechnik\" \/>\n<meta property=\"article:modified_time\" content=\"2025-03-21T07:43:23+00:00\" \/>\n<meta property=\"og:image\" content=\"https:\/\/hirsch-prueftechnik.de\/wp-content\/uploads\/2024\/12\/schieblehre.png\" \/>\n<meta name=\"twitter:card\" content=\"summary_large_image\" \/>\n<meta name=\"twitter:label1\" content=\"Est. reading time\" \/>\n\t<meta name=\"twitter:data1\" content=\"3 minutes\" \/>\n<script type=\"application\/ld+json\" class=\"yoast-schema-graph\">{\"@context\":\"https:\\\/\\\/schema.org\",\"@graph\":[{\"@type\":\"WebPage\",\"@id\":\"https:\\\/\\\/hirsch-prueftechnik.de\\\/ueber-uns\\\/\",\"url\":\"https:\\\/\\\/hirsch-prueftechnik.de\\\/ueber-uns\\\/\",\"name\":\"Hirsch Pr\u00fcftechnik - \u00dcber uns\",\"isPartOf\":{\"@id\":\"https:\\\/\\\/hirsch-prueftechnik.de\\\/de_de\\\/#website\"},\"primaryImageOfPage\":{\"@id\":\"https:\\\/\\\/hirsch-prueftechnik.de\\\/ueber-uns\\\/#primaryimage\"},\"image\":{\"@id\":\"https:\\\/\\\/hirsch-prueftechnik.de\\\/ueber-uns\\\/#primaryimage\"},\"thumbnailUrl\":\"https:\\\/\\\/hirsch-prueftechnik.de\\\/wp-content\\\/uploads\\\/2024\\\/12\\\/schieblehre.png\",\"datePublished\":\"2024-12-19T09:03:45+00:00\",\"dateModified\":\"2025-03-21T07:43:23+00:00\",\"description\":\"\u00dcber uns \u2013 HPT Hirsch Pr\u00fcftechnik vereint Innovation, Erfahrung und Leidenschaft f\u00fcr pr\u00e4zise Pr\u00fcftechnologie in einem starken Team.\",\"breadcrumb\":{\"@id\":\"https:\\\/\\\/hirsch-prueftechnik.de\\\/ueber-uns\\\/#breadcrumb\"},\"inLanguage\":\"en-US\",\"potentialAction\":[{\"@type\":\"ReadAction\",\"target\":[\"https:\\\/\\\/hirsch-prueftechnik.de\\\/ueber-uns\\\/\"]}]},{\"@type\":\"ImageObject\",\"inLanguage\":\"en-US\",\"@id\":\"https:\\\/\\\/hirsch-prueftechnik.de\\\/ueber-uns\\\/#primaryimage\",\"url\":\"https:\\\/\\\/hirsch-prueftechnik.de\\\/wp-content\\\/uploads\\\/2024\\\/12\\\/schieblehre.png\",\"contentUrl\":\"https:\\\/\\\/hirsch-prueftechnik.de\\\/wp-content\\\/uploads\\\/2024\\\/12\\\/schieblehre.png\"},{\"@type\":\"BreadcrumbList\",\"@id\":\"https:\\\/\\\/hirsch-prueftechnik.de\\\/ueber-uns\\\/#breadcrumb\",\"itemListElement\":[{\"@type\":\"ListItem\",\"position\":1,\"name\":\"Startseite\",\"item\":\"https:\\\/\\\/hirsch-prueftechnik.de\\\/\"},{\"@type\":\"ListItem\",\"position\":2,\"name\":\"\u00dcber uns\"}]},{\"@type\":\"WebSite\",\"@id\":\"https:\\\/\\\/hirsch-prueftechnik.de\\\/de_de\\\/#website\",\"url\":\"https:\\\/\\\/hirsch-prueftechnik.de\\\/de_de\\\/\",\"name\":\"Hirsch Pr\u00fcftechnik\",\"description\":\"Risspr\u00fcfung und Entmagnetisierung\",\"potentialAction\":[{\"@type\":\"SearchAction\",\"target\":{\"@type\":\"EntryPoint\",\"urlTemplate\":\"https:\\\/\\\/hirsch-prueftechnik.de\\\/de_de\\\/?s={search_term_string}\"},\"query-input\":{\"@type\":\"PropertyValueSpecification\",\"valueRequired\":true,\"valueName\":\"search_term_string\"}}],\"inLanguage\":\"en-US\"}]}<\/script>\n<!-- \/ Yoast SEO plugin. -->","yoast_head_json":{"title":"Hirsch Pr\u00fcftechnik - \u00dcber uns","description":"\u00dcber uns \u2013 HPT Hirsch Pr\u00fcftechnik vereint Innovation, Erfahrung und Leidenschaft f\u00fcr pr\u00e4zise Pr\u00fcftechnologie in einem starken Team.","robots":{"index":"index","follow":"follow","max-snippet":"max-snippet:-1","max-image-preview":"max-image-preview:large","max-video-preview":"max-video-preview:-1"},"canonical":"https:\/\/hirsch-prueftechnik.de\/en\/ueber-uns\/","og_locale":"en_US","og_type":"article","og_title":"Hirsch Pr\u00fcftechnik - \u00dcber uns","og_description":"\u00dcber uns \u2013 HPT Hirsch Pr\u00fcftechnik vereint Innovation, Erfahrung und Leidenschaft f\u00fcr pr\u00e4zise Pr\u00fcftechnologie in einem starken Team.","og_url":"https:\/\/hirsch-prueftechnik.de\/en\/ueber-uns\/","og_site_name":"Hirsch Pr\u00fcftechnik","article_modified_time":"2025-03-21T07:43:23+00:00","og_image":[{"url":"https:\/\/hirsch-prueftechnik.de\/wp-content\/uploads\/2024\/12\/schieblehre.png","type":"","width":"","height":""}],"twitter_card":"summary_large_image","twitter_misc":{"Est. reading time":"3 minutes"},"schema":{"@context":"https:\/\/schema.org","@graph":[{"@type":"WebPage","@id":"https:\/\/hirsch-prueftechnik.de\/ueber-uns\/","url":"https:\/\/hirsch-prueftechnik.de\/ueber-uns\/","name":"Hirsch Pr\u00fcftechnik - \u00dcber uns","isPartOf":{"@id":"https:\/\/hirsch-prueftechnik.de\/de_de\/#website"},"primaryImageOfPage":{"@id":"https:\/\/hirsch-prueftechnik.de\/ueber-uns\/#primaryimage"},"image":{"@id":"https:\/\/hirsch-prueftechnik.de\/ueber-uns\/#primaryimage"},"thumbnailUrl":"https:\/\/hirsch-prueftechnik.de\/wp-content\/uploads\/2024\/12\/schieblehre.png","datePublished":"2024-12-19T09:03:45+00:00","dateModified":"2025-03-21T07:43:23+00:00","description":"\u00dcber uns \u2013 HPT Hirsch Pr\u00fcftechnik vereint Innovation, Erfahrung und Leidenschaft f\u00fcr pr\u00e4zise Pr\u00fcftechnologie in einem starken Team.","breadcrumb":{"@id":"https:\/\/hirsch-prueftechnik.de\/ueber-uns\/#breadcrumb"},"inLanguage":"en-US","potentialAction":[{"@type":"ReadAction","target":["https:\/\/hirsch-prueftechnik.de\/ueber-uns\/"]}]},{"@type":"ImageObject","inLanguage":"en-US","@id":"https:\/\/hirsch-prueftechnik.de\/ueber-uns\/#primaryimage","url":"https:\/\/hirsch-prueftechnik.de\/wp-content\/uploads\/2024\/12\/schieblehre.png","contentUrl":"https:\/\/hirsch-prueftechnik.de\/wp-content\/uploads\/2024\/12\/schieblehre.png"},{"@type":"BreadcrumbList","@id":"https:\/\/hirsch-prueftechnik.de\/ueber-uns\/#breadcrumb","itemListElement":[{"@type":"ListItem","position":1,"name":"Startseite","item":"https:\/\/hirsch-prueftechnik.de\/"},{"@type":"ListItem","position":2,"name":"\u00dcber uns"}]},{"@type":"WebSite","@id":"https:\/\/hirsch-prueftechnik.de\/de_de\/#website","url":"https:\/\/hirsch-prueftechnik.de\/de_de\/","name":"Hirsch Pr\u00fcftechnik","description":"Risspr\u00fcfung und Entmagnetisierung","potentialAction":[{"@type":"SearchAction","target":{"@type":"EntryPoint","urlTemplate":"https:\/\/hirsch-prueftechnik.de\/de_de\/?s={search_term_string}"},"query-input":{"@type":"PropertyValueSpecification","valueRequired":true,"valueName":"search_term_string"}}],"inLanguage":"en-US"}]}},"_links":{"self":[{"href":"https:\/\/hirsch-prueftechnik.de\/en\/wp-json\/wp\/v2\/pages\/8","targetHints":{"allow":["GET"]}}],"collection":[{"href":"https:\/\/hirsch-prueftechnik.de\/en\/wp-json\/wp\/v2\/pages"}],"about":[{"href":"https:\/\/hirsch-prueftechnik.de\/en\/wp-json\/wp\/v2\/types\/page"}],"author":[{"embeddable":true,"href":"https:\/\/hirsch-prueftechnik.de\/en\/wp-json\/wp\/v2\/users\/1"}],"replies":[{"embeddable":true,"href":"https:\/\/hirsch-prueftechnik.de\/en\/wp-json\/wp\/v2\/comments?post=8"}],"version-history":[{"count":10,"href":"https:\/\/hirsch-prueftechnik.de\/en\/wp-json\/wp\/v2\/pages\/8\/revisions"}],"predecessor-version":[{"id":958,"href":"https:\/\/hirsch-prueftechnik.de\/en\/wp-json\/wp\/v2\/pages\/8\/revisions\/958"}],"wp:attachment":[{"href":"https:\/\/hirsch-prueftechnik.de\/en\/wp-json\/wp\/v2\/media?parent=8"}],"curies":[{"name":"wp","href":"https:\/\/api.w.org\/{rel}","templated":true}]}}