{"id":916,"date":"2025-03-11T16:23:18","date_gmt":"2025-03-11T15:23:18","guid":{"rendered":"https:\/\/hirsch-prueftechnik.de\/?page_id=916"},"modified":"2025-03-21T08:32:32","modified_gmt":"2025-03-21T07:32:32","slug":"impressum","status":"publish","type":"page","link":"https:\/\/hirsch-prueftechnik.de\/en\/impressum\/","title":{"rendered":"Site Notice"},"content":{"rendered":"<p><strong>Site Notice<\/strong><\/p>\r\n<p>HPT Hirsch Pr\u00fcftechnik GmbH<br \/>Von-Ketteler-Stra\u00dfe 7<br \/>66482 Zweibr\u00fccken Handelsregister: HRB 1862 Z<br \/>Registration court: Zweibr\u00fccken <strong>Represented by:<\/strong><br \/>Dr.-Ing. Peter Hirsch<\/p>\r\n<p><strong>Contact<\/strong><\/p>\r\n<p>Phone: +49 (0) 6332\/49420<br \/>Telefax: +49 (0) 6332\/460161<br \/>E-mail: info@hirsch-prueftechnik.de<\/p>\r\n<p><strong>VAT ID<\/strong><\/p>\r\n<p>Sales tax identification number according to Sect. 27 a of the Sales Tax Law:\nDE 814085674<br \/>DE 814085674<\/p>\r\n<p><strong>Dispute resolution proceedings in front of a consumer arbitration board<\/strong><\/p>\r\n<p>We are not willing or obliged to participate in dispute resolution proceedings in front of a consumer arbitration board.<\/p>","protected":false},"excerpt":{"rendered":"<p>Impressum HPT Hirsch Pr\u00fcftechnik GmbHVon-Ketteler-Stra\u00dfe 766482 Zweibr\u00fccken Handelsregister: HRB 1862 ZRegistergericht: Zweibr\u00fccken Vertreten durch:Dr.-Ing. Peter Hirsch Kontakt Telefon: +49 (0) 6332\/49420Telefax: +49 (0) 6332\/460161E-Mail: info@hirsch-prueftechnik.de Umsatzsteuer-ID Umsatzsteuer-Identifikationsnummer gem\u00e4\u00df \u00a7 27 a Umsatzsteuergesetz:DE 814085674 Verbraucher\u00adstreit\u00adbeilegung\/Universal\u00adschlichtungs\u00adstelle Wir sind nicht bereit oder verpflichtet, an Streitbeilegungsverfahren vor einer Verbraucherschlichtungsstelle teilzunehmen.<\/p>","protected":false},"author":1,"featured_media":0,"parent":0,"menu_order":0,"comment_status":"closed","ping_status":"closed","template":"","meta":{"site-sidebar-layout":"no-sidebar","site-content-layout":"","ast-site-content-layout":"normal-width-container","site-content-style":"boxed","site-sidebar-style":"default","ast-global-header-display":"","ast-banner-title-visibility":"","ast-main-header-display":"","ast-hfb-above-header-display":"","ast-hfb-below-header-display":"","ast-hfb-mobile-header-display":"","site-post-title":"disabled","ast-breadcrumbs-content":"","ast-featured-img":"disabled","footer-sml-layout":"","ast-disable-related-posts":"","theme-transparent-header-meta":"enabled","adv-header-id-meta":"","stick-header-meta":"default","header-above-stick-meta":"","header-main-stick-meta":"","header-below-stick-meta":"","astra-migrate-meta-layouts":"set","ast-page-background-enabled":"default","ast-page-background-meta":{"desktop":{"background-color":"","background-image":"","background-repeat":"repeat","background-position":"center center","background-size":"auto","background-attachment":"scroll","background-type":"","background-media":"","overlay-type":"","overlay-color":"","overlay-opacity":"","overlay-gradient":""},"tablet":{"background-color":"","background-image":"","background-repeat":"repeat","background-position":"center center","background-size":"auto","background-attachment":"scroll","background-type":"","background-media":"","overlay-type":"","overlay-color":"","overlay-opacity":"","overlay-gradient":""},"mobile":{"background-color":"","background-image":"","background-repeat":"repeat","background-position":"center center","background-size":"auto","background-attachment":"scroll","background-type":"","background-media":"","overlay-type":"","overlay-color":"","overlay-opacity":"","overlay-gradient":""}},"ast-content-background-meta":{"desktop":{"background-color":"var(--ast-global-color-5)","background-image":"","background-repeat":"repeat","background-position":"center center","background-size":"auto","background-attachment":"scroll","background-type":"","background-media":"","overlay-type":"","overlay-color":"","overlay-opacity":"","overlay-gradient":""},"tablet":{"background-color":"var(--ast-global-color-5)","background-image":"","background-repeat":"repeat","background-position":"center center","background-size":"auto","background-attachment":"scroll","background-type":"","background-media":"","overlay-type":"","overlay-color":"","overlay-opacity":"","overlay-gradient":""},"mobile":{"background-color":"var(--ast-global-color-5)","background-image":"","background-repeat":"repeat","background-position":"center center","background-size":"auto","background-attachment":"scroll","background-type":"","background-media":"","overlay-type":"","overlay-color":"","overlay-opacity":"","overlay-gradient":""}},"footnotes":""},"class_list":["post-916","page","type-page","status-publish","hentry"],"yoast_head":"<!-- This site is optimized with the Yoast SEO plugin v27.5 - https:\/\/yoast.com\/product\/yoast-seo-wordpress\/ -->\n<title>Hirsch Pr\u00fcftechnik - Impressum<\/title>\n<meta name=\"description\" content=\"Impressum von HPT Hirsch Pr\u00fcftechnik \u2013 Alle rechtlichen Angaben und Kontaktdaten des Unternehmens auf einen Blick.\" \/>\n<meta name=\"robots\" content=\"index, follow, max-snippet:-1, max-image-preview:large, max-video-preview:-1\" \/>\n<link rel=\"canonical\" href=\"https:\/\/hirsch-prueftechnik.de\/en\/impressum\/\" \/>\n<meta property=\"og:locale\" content=\"en_US\" \/>\n<meta property=\"og:type\" content=\"article\" \/>\n<meta property=\"og:title\" content=\"Hirsch Pr\u00fcftechnik - Impressum\" \/>\n<meta property=\"og:description\" content=\"Impressum von HPT Hirsch Pr\u00fcftechnik \u2013 Alle rechtlichen Angaben und Kontaktdaten des Unternehmens auf einen Blick.\" \/>\n<meta property=\"og:url\" content=\"https:\/\/hirsch-prueftechnik.de\/en\/impressum\/\" \/>\n<meta property=\"og:site_name\" content=\"Hirsch Pr\u00fcftechnik\" \/>\n<meta property=\"article:modified_time\" content=\"2025-03-21T07:32:32+00:00\" \/>\n<meta name=\"twitter:card\" content=\"summary_large_image\" \/>\n<meta name=\"twitter:label1\" content=\"Est. reading time\" \/>\n\t<meta name=\"twitter:data1\" content=\"1 minute\" \/>\n<script type=\"application\/ld+json\" class=\"yoast-schema-graph\">{\"@context\":\"https:\\\/\\\/schema.org\",\"@graph\":[{\"@type\":\"WebPage\",\"@id\":\"https:\\\/\\\/hirsch-prueftechnik.de\\\/impressum\\\/\",\"url\":\"https:\\\/\\\/hirsch-prueftechnik.de\\\/impressum\\\/\",\"name\":\"Hirsch Pr\u00fcftechnik - Impressum\",\"isPartOf\":{\"@id\":\"https:\\\/\\\/hirsch-prueftechnik.de\\\/de_de\\\/#website\"},\"datePublished\":\"2025-03-11T15:23:18+00:00\",\"dateModified\":\"2025-03-21T07:32:32+00:00\",\"description\":\"Impressum von HPT Hirsch Pr\u00fcftechnik \u2013 Alle rechtlichen Angaben und Kontaktdaten des Unternehmens auf einen Blick.\",\"breadcrumb\":{\"@id\":\"https:\\\/\\\/hirsch-prueftechnik.de\\\/impressum\\\/#breadcrumb\"},\"inLanguage\":\"en-US\",\"potentialAction\":[{\"@type\":\"ReadAction\",\"target\":[\"https:\\\/\\\/hirsch-prueftechnik.de\\\/impressum\\\/\"]}]},{\"@type\":\"BreadcrumbList\",\"@id\":\"https:\\\/\\\/hirsch-prueftechnik.de\\\/impressum\\\/#breadcrumb\",\"itemListElement\":[{\"@type\":\"ListItem\",\"position\":1,\"name\":\"Startseite\",\"item\":\"https:\\\/\\\/hirsch-prueftechnik.de\\\/\"},{\"@type\":\"ListItem\",\"position\":2,\"name\":\"Impressum\"}]},{\"@type\":\"WebSite\",\"@id\":\"https:\\\/\\\/hirsch-prueftechnik.de\\\/de_de\\\/#website\",\"url\":\"https:\\\/\\\/hirsch-prueftechnik.de\\\/de_de\\\/\",\"name\":\"Hirsch Pr\u00fcftechnik\",\"description\":\"Risspr\u00fcfung und Entmagnetisierung\",\"potentialAction\":[{\"@type\":\"SearchAction\",\"target\":{\"@type\":\"EntryPoint\",\"urlTemplate\":\"https:\\\/\\\/hirsch-prueftechnik.de\\\/de_de\\\/?s={search_term_string}\"},\"query-input\":{\"@type\":\"PropertyValueSpecification\",\"valueRequired\":true,\"valueName\":\"search_term_string\"}}],\"inLanguage\":\"en-US\"}]}<\/script>\n<!-- \/ Yoast SEO plugin. -->","yoast_head_json":{"title":"Hirsch Pr\u00fcftechnik - Impressum","description":"Impressum von HPT Hirsch Pr\u00fcftechnik \u2013 Alle rechtlichen Angaben und Kontaktdaten des Unternehmens auf einen Blick.","robots":{"index":"index","follow":"follow","max-snippet":"max-snippet:-1","max-image-preview":"max-image-preview:large","max-video-preview":"max-video-preview:-1"},"canonical":"https:\/\/hirsch-prueftechnik.de\/en\/impressum\/","og_locale":"en_US","og_type":"article","og_title":"Hirsch Pr\u00fcftechnik - Impressum","og_description":"Impressum von HPT Hirsch Pr\u00fcftechnik \u2013 Alle rechtlichen Angaben und Kontaktdaten des Unternehmens auf einen Blick.","og_url":"https:\/\/hirsch-prueftechnik.de\/en\/impressum\/","og_site_name":"Hirsch Pr\u00fcftechnik","article_modified_time":"2025-03-21T07:32:32+00:00","twitter_card":"summary_large_image","twitter_misc":{"Est. reading time":"1 minute"},"schema":{"@context":"https:\/\/schema.org","@graph":[{"@type":"WebPage","@id":"https:\/\/hirsch-prueftechnik.de\/impressum\/","url":"https:\/\/hirsch-prueftechnik.de\/impressum\/","name":"Hirsch Pr\u00fcftechnik - Impressum","isPartOf":{"@id":"https:\/\/hirsch-prueftechnik.de\/de_de\/#website"},"datePublished":"2025-03-11T15:23:18+00:00","dateModified":"2025-03-21T07:32:32+00:00","description":"Impressum von HPT Hirsch Pr\u00fcftechnik \u2013 Alle rechtlichen Angaben und Kontaktdaten des Unternehmens auf einen Blick.","breadcrumb":{"@id":"https:\/\/hirsch-prueftechnik.de\/impressum\/#breadcrumb"},"inLanguage":"en-US","potentialAction":[{"@type":"ReadAction","target":["https:\/\/hirsch-prueftechnik.de\/impressum\/"]}]},{"@type":"BreadcrumbList","@id":"https:\/\/hirsch-prueftechnik.de\/impressum\/#breadcrumb","itemListElement":[{"@type":"ListItem","position":1,"name":"Startseite","item":"https:\/\/hirsch-prueftechnik.de\/"},{"@type":"ListItem","position":2,"name":"Impressum"}]},{"@type":"WebSite","@id":"https:\/\/hirsch-prueftechnik.de\/de_de\/#website","url":"https:\/\/hirsch-prueftechnik.de\/de_de\/","name":"Hirsch Pr\u00fcftechnik","description":"Risspr\u00fcfung und Entmagnetisierung","potentialAction":[{"@type":"SearchAction","target":{"@type":"EntryPoint","urlTemplate":"https:\/\/hirsch-prueftechnik.de\/de_de\/?s={search_term_string}"},"query-input":{"@type":"PropertyValueSpecification","valueRequired":true,"valueName":"search_term_string"}}],"inLanguage":"en-US"}]}},"_links":{"self":[{"href":"https:\/\/hirsch-prueftechnik.de\/en\/wp-json\/wp\/v2\/pages\/916","targetHints":{"allow":["GET"]}}],"collection":[{"href":"https:\/\/hirsch-prueftechnik.de\/en\/wp-json\/wp\/v2\/pages"}],"about":[{"href":"https:\/\/hirsch-prueftechnik.de\/en\/wp-json\/wp\/v2\/types\/page"}],"author":[{"embeddable":true,"href":"https:\/\/hirsch-prueftechnik.de\/en\/wp-json\/wp\/v2\/users\/1"}],"replies":[{"embeddable":true,"href":"https:\/\/hirsch-prueftechnik.de\/en\/wp-json\/wp\/v2\/comments?post=916"}],"version-history":[{"count":4,"href":"https:\/\/hirsch-prueftechnik.de\/en\/wp-json\/wp\/v2\/pages\/916\/revisions"}],"predecessor-version":[{"id":955,"href":"https:\/\/hirsch-prueftechnik.de\/en\/wp-json\/wp\/v2\/pages\/916\/revisions\/955"}],"wp:attachment":[{"href":"https:\/\/hirsch-prueftechnik.de\/en\/wp-json\/wp\/v2\/media?parent=916"}],"curies":[{"name":"wp","href":"https:\/\/api.w.org\/{rel}","templated":true}]}}